{"id":99,"date":"2026-01-21T08:29:04","date_gmt":"2026-01-21T08:29:04","guid":{"rendered":"https:\/\/darkred-bat-908940.hostingersite.com\/?post_type=product&#038;p=99"},"modified":"2026-03-06T07:15:46","modified_gmt":"2026-03-06T07:15:46","slug":"une-fille-de-couleur-ikalamara","status":"publish","type":"product","link":"https:\/\/takelakaroa.mg\/fr\/produit\/une-fille-de-couleur-ikalamara\/","title":{"rendered":"Une fille de couleur \/ Ikalamara"},"content":{"rendered":"<p>\u00ab\u00a0\u201cUne fille de couleur\u201d raconte l\u2019histoire d\u2019une petite fille de la campagne complex\u00e9e par sa couleur. Plus grande, elle raconte son<br \/>\nhistoire en \u00e9voquant comment elle appr\u00e9hendait les couleurs et chaque \u00e9motion. Ses exp\u00e9riences fa\u00e7onnent petit \u00e0 petit son \u00eatre, jusqu\u2019\u00e0 ce qu\u2019elle appr\u00e9cie toutes les couleurs, y compris la couleur de sa peau : noire\u00a0\u00bb<\/p>\n","protected":false},"excerpt":{"rendered":"<p>\u00ab\u00a0\u201cUne fille de couleur\u201d raconte l\u2019histoire d\u2019une petite fille de la campagne complex\u00e9e par sa couleur. Plus grande, elle raconte son histoire en \u00e9voquant comment elle appr\u00e9hendait les couleurs et chaque \u00e9motion. Ses exp\u00e9riences fa\u00e7onnent petit \u00e0 petit son \u00eatre, jusqu\u2019\u00e0 ce qu\u2019elle appr\u00e9cie toutes les couleurs, y compris la couleur de sa peau : [&hellip;]<\/p>\n","protected":false},"featured_media":92,"comment_status":"open","ping_status":"closed","template":"","meta":[],"product_brand":[],"product_cat":[51,56],"product_tag":[37],"class_list":{"0":"post-99","1":"product","2":"type-product","3":"status-publish","4":"has-post-thumbnail","6":"product_cat-conte","7":"product_cat-diversite-culturelle","8":"product_tag-nouveaute","10":"first","11":"instock","12":"sale","13":"featured","14":"taxable","15":"shipping-taxable","16":"purchasable","17":"product-type-simple"},"yoast_head":"<!-- This site is optimized with the Yoast SEO plugin v27.1.1 - https:\/\/yoast.com\/product\/yoast-seo-wordpress\/ -->\n<title>Une fille de couleur \/ Ikalamara - TAKELAKA ROA<\/title>\n<meta name=\"robots\" content=\"index, follow, max-snippet:-1, max-image-preview:large, max-video-preview:-1\" \/>\n<link rel=\"canonical\" href=\"https:\/\/takelakaroa.mg\/fr\/produit\/une-fille-de-couleur-ikalamara\/\" \/>\n<meta property=\"og:locale\" content=\"fr_FR\" \/>\n<meta property=\"og:type\" content=\"article\" \/>\n<meta property=\"og:title\" content=\"Une fille de couleur \/ Ikalamara - TAKELAKA ROA\" \/>\n<meta property=\"og:description\" content=\"\u00ab\u00a0\u201cUne fille de couleur\u201d raconte l\u2019histoire d\u2019une petite fille de la campagne complex\u00e9e par sa couleur. Plus grande, elle raconte son histoire en \u00e9voquant comment elle appr\u00e9hendait les couleurs et chaque \u00e9motion. Ses exp\u00e9riences fa\u00e7onnent petit \u00e0 petit son \u00eatre, jusqu\u2019\u00e0 ce qu\u2019elle appr\u00e9cie toutes les couleurs, y compris la couleur de sa peau : [&hellip;]\" \/>\n<meta property=\"og:url\" content=\"https:\/\/takelakaroa.mg\/fr\/produit\/une-fille-de-couleur-ikalamara\/\" \/>\n<meta property=\"og:site_name\" content=\"TAKELAKA ROA\" \/>\n<meta property=\"article:modified_time\" content=\"2026-03-06T07:15:46+00:00\" \/>\n<meta property=\"og:image\" content=\"https:\/\/takelakaroa.mg\/wp-content\/uploads\/2026\/01\/Cover-Fille-de-Couleurs-PRINT2.webp\" \/>\n\t<meta property=\"og:image:width\" content=\"1024\" \/>\n\t<meta property=\"og:image:height\" content=\"1448\" \/>\n\t<meta property=\"og:image:type\" content=\"image\/webp\" \/>\n<meta name=\"twitter:card\" content=\"summary_large_image\" \/>\n<meta name=\"twitter:label1\" content=\"Dur\u00e9e de lecture estim\u00e9e\" \/>\n\t<meta name=\"twitter:data1\" content=\"1 minute\" \/>\n<script type=\"application\/ld+json\" class=\"yoast-schema-graph\">{\"@context\":\"https:\/\/schema.org\",\"@graph\":[{\"@type\":\"WebPage\",\"@id\":\"https:\/\/takelakaroa.mg\/produit\/une-fille-de-couleur-ikalamara\/\",\"url\":\"https:\/\/takelakaroa.mg\/produit\/une-fille-de-couleur-ikalamara\/\",\"name\":\"Une fille de couleur \/ Ikalamara - TAKELAKA ROA\",\"isPartOf\":{\"@id\":\"https:\/\/darkred-bat-908940.hostingersite.com\/#website\"},\"primaryImageOfPage\":{\"@id\":\"https:\/\/takelakaroa.mg\/produit\/une-fille-de-couleur-ikalamara\/#primaryimage\"},\"image\":{\"@id\":\"https:\/\/takelakaroa.mg\/produit\/une-fille-de-couleur-ikalamara\/#primaryimage\"},\"thumbnailUrl\":\"https:\/\/takelakaroa.mg\/wp-content\/uploads\/2026\/01\/Cover-Fille-de-Couleurs-PRINT2.webp\",\"datePublished\":\"2026-01-21T08:29:04+00:00\",\"dateModified\":\"2026-03-06T07:15:46+00:00\",\"breadcrumb\":{\"@id\":\"https:\/\/takelakaroa.mg\/produit\/une-fille-de-couleur-ikalamara\/#breadcrumb\"},\"inLanguage\":\"fr-FR\",\"potentialAction\":[{\"@type\":\"ReadAction\",\"target\":[\"https:\/\/takelakaroa.mg\/produit\/une-fille-de-couleur-ikalamara\/\"]}]},{\"@type\":\"ImageObject\",\"inLanguage\":\"fr-FR\",\"@id\":\"https:\/\/takelakaroa.mg\/produit\/une-fille-de-couleur-ikalamara\/#primaryimage\",\"url\":\"https:\/\/takelakaroa.mg\/wp-content\/uploads\/2026\/01\/Cover-Fille-de-Couleurs-PRINT2.webp\",\"contentUrl\":\"https:\/\/takelakaroa.mg\/wp-content\/uploads\/2026\/01\/Cover-Fille-de-Couleurs-PRINT2.webp\",\"width\":1024,\"height\":1448,\"caption\":\"Cover Fille de Couleurs (PRINT)2\"},{\"@type\":\"BreadcrumbList\",\"@id\":\"https:\/\/takelakaroa.mg\/produit\/une-fille-de-couleur-ikalamara\/#breadcrumb\",\"itemListElement\":[{\"@type\":\"ListItem\",\"position\":1,\"name\":\"Accueil\",\"item\":\"https:\/\/takelakaroa.mg\/\"},{\"@type\":\"ListItem\",\"position\":2,\"name\":\"Produits\",\"item\":\"https:\/\/darkred-bat-908940.hostingersite.com\/boutique\/\"},{\"@type\":\"ListItem\",\"position\":3,\"name\":\"Une fille de couleur \/ Ikalamara\"}]},{\"@type\":\"WebSite\",\"@id\":\"https:\/\/darkred-bat-908940.hostingersite.com\/#website\",\"url\":\"https:\/\/darkred-bat-908940.hostingersite.com\/\",\"name\":\"TAKELAKA ROA\",\"description\":\"Plateforme num\u00e9rique de commercialisation et de valorisation de livre jeunesse bilingue\",\"publisher\":{\"@id\":\"https:\/\/darkred-bat-908940.hostingersite.com\/#organization\"},\"potentialAction\":[{\"@type\":\"SearchAction\",\"target\":{\"@type\":\"EntryPoint\",\"urlTemplate\":\"https:\/\/darkred-bat-908940.hostingersite.com\/?s={search_term_string}\"},\"query-input\":{\"@type\":\"PropertyValueSpecification\",\"valueRequired\":true,\"valueName\":\"search_term_string\"}}],\"inLanguage\":\"fr-FR\"},{\"@type\":\"Organization\",\"@id\":\"https:\/\/darkred-bat-908940.hostingersite.com\/#organization\",\"name\":\"TAKELAKA ROA\",\"url\":\"https:\/\/darkred-bat-908940.hostingersite.com\/\",\"logo\":{\"@type\":\"ImageObject\",\"inLanguage\":\"fr-FR\",\"@id\":\"https:\/\/darkred-bat-908940.hostingersite.com\/#\/schema\/logo\/image\/\",\"url\":\"https:\/\/takelakaroa.mg\/wp-content\/uploads\/2026\/01\/cropped-Logo-TAKELAKA-ROA-VF-1.webp\",\"contentUrl\":\"https:\/\/takelakaroa.mg\/wp-content\/uploads\/2026\/01\/cropped-Logo-TAKELAKA-ROA-VF-1.webp\",\"width\":913,\"height\":912,\"caption\":\"TAKELAKA ROA\"},\"image\":{\"@id\":\"https:\/\/darkred-bat-908940.hostingersite.com\/#\/schema\/logo\/image\/\"}}]}<\/script>\n<!-- \/ Yoast SEO plugin. -->","yoast_head_json":{"title":"Une fille de couleur \/ Ikalamara - TAKELAKA ROA","robots":{"index":"index","follow":"follow","max-snippet":"max-snippet:-1","max-image-preview":"max-image-preview:large","max-video-preview":"max-video-preview:-1"},"canonical":"https:\/\/takelakaroa.mg\/fr\/produit\/une-fille-de-couleur-ikalamara\/","og_locale":"fr_FR","og_type":"article","og_title":"Une fille de couleur \/ Ikalamara - TAKELAKA ROA","og_description":"\u00ab\u00a0\u201cUne fille de couleur\u201d raconte l\u2019histoire d\u2019une petite fille de la campagne complex\u00e9e par sa couleur. Plus grande, elle raconte son histoire en \u00e9voquant comment elle appr\u00e9hendait les couleurs et chaque \u00e9motion. Ses exp\u00e9riences fa\u00e7onnent petit \u00e0 petit son \u00eatre, jusqu\u2019\u00e0 ce qu\u2019elle appr\u00e9cie toutes les couleurs, y compris la couleur de sa peau : [&hellip;]","og_url":"https:\/\/takelakaroa.mg\/fr\/produit\/une-fille-de-couleur-ikalamara\/","og_site_name":"TAKELAKA ROA","article_modified_time":"2026-03-06T07:15:46+00:00","og_image":[{"width":1024,"height":1448,"url":"https:\/\/takelakaroa.mg\/wp-content\/uploads\/2026\/01\/Cover-Fille-de-Couleurs-PRINT2.webp","type":"image\/webp"}],"twitter_card":"summary_large_image","twitter_misc":{"Dur\u00e9e de lecture estim\u00e9e":"1 minute"},"schema":{"@context":"https:\/\/schema.org","@graph":[{"@type":"WebPage","@id":"https:\/\/takelakaroa.mg\/produit\/une-fille-de-couleur-ikalamara\/","url":"https:\/\/takelakaroa.mg\/produit\/une-fille-de-couleur-ikalamara\/","name":"Une fille de couleur \/ Ikalamara - TAKELAKA ROA","isPartOf":{"@id":"https:\/\/darkred-bat-908940.hostingersite.com\/#website"},"primaryImageOfPage":{"@id":"https:\/\/takelakaroa.mg\/produit\/une-fille-de-couleur-ikalamara\/#primaryimage"},"image":{"@id":"https:\/\/takelakaroa.mg\/produit\/une-fille-de-couleur-ikalamara\/#primaryimage"},"thumbnailUrl":"https:\/\/takelakaroa.mg\/wp-content\/uploads\/2026\/01\/Cover-Fille-de-Couleurs-PRINT2.webp","datePublished":"2026-01-21T08:29:04+00:00","dateModified":"2026-03-06T07:15:46+00:00","breadcrumb":{"@id":"https:\/\/takelakaroa.mg\/produit\/une-fille-de-couleur-ikalamara\/#breadcrumb"},"inLanguage":"fr-FR","potentialAction":[{"@type":"ReadAction","target":["https:\/\/takelakaroa.mg\/produit\/une-fille-de-couleur-ikalamara\/"]}]},{"@type":"ImageObject","inLanguage":"fr-FR","@id":"https:\/\/takelakaroa.mg\/produit\/une-fille-de-couleur-ikalamara\/#primaryimage","url":"https:\/\/takelakaroa.mg\/wp-content\/uploads\/2026\/01\/Cover-Fille-de-Couleurs-PRINT2.webp","contentUrl":"https:\/\/takelakaroa.mg\/wp-content\/uploads\/2026\/01\/Cover-Fille-de-Couleurs-PRINT2.webp","width":1024,"height":1448,"caption":"Cover Fille de Couleurs (PRINT)2"},{"@type":"BreadcrumbList","@id":"https:\/\/takelakaroa.mg\/produit\/une-fille-de-couleur-ikalamara\/#breadcrumb","itemListElement":[{"@type":"ListItem","position":1,"name":"Accueil","item":"https:\/\/takelakaroa.mg\/"},{"@type":"ListItem","position":2,"name":"Produits","item":"https:\/\/darkred-bat-908940.hostingersite.com\/boutique\/"},{"@type":"ListItem","position":3,"name":"Une fille de couleur \/ Ikalamara"}]},{"@type":"WebSite","@id":"https:\/\/darkred-bat-908940.hostingersite.com\/#website","url":"https:\/\/darkred-bat-908940.hostingersite.com\/","name":"TAKELAKA ROA","description":"Plateforme num\u00e9rique de commercialisation et de valorisation de livre jeunesse bilingue","publisher":{"@id":"https:\/\/darkred-bat-908940.hostingersite.com\/#organization"},"potentialAction":[{"@type":"SearchAction","target":{"@type":"EntryPoint","urlTemplate":"https:\/\/darkred-bat-908940.hostingersite.com\/?s={search_term_string}"},"query-input":{"@type":"PropertyValueSpecification","valueRequired":true,"valueName":"search_term_string"}}],"inLanguage":"fr-FR"},{"@type":"Organization","@id":"https:\/\/darkred-bat-908940.hostingersite.com\/#organization","name":"TAKELAKA ROA","url":"https:\/\/darkred-bat-908940.hostingersite.com\/","logo":{"@type":"ImageObject","inLanguage":"fr-FR","@id":"https:\/\/darkred-bat-908940.hostingersite.com\/#\/schema\/logo\/image\/","url":"https:\/\/takelakaroa.mg\/wp-content\/uploads\/2026\/01\/cropped-Logo-TAKELAKA-ROA-VF-1.webp","contentUrl":"https:\/\/takelakaroa.mg\/wp-content\/uploads\/2026\/01\/cropped-Logo-TAKELAKA-ROA-VF-1.webp","width":913,"height":912,"caption":"TAKELAKA ROA"},"image":{"@id":"https:\/\/darkred-bat-908940.hostingersite.com\/#\/schema\/logo\/image\/"}}]}},"_links":{"self":[{"href":"https:\/\/takelakaroa.mg\/fr\/wp-json\/wp\/v2\/product\/99","targetHints":{"allow":["GET"]}}],"collection":[{"href":"https:\/\/takelakaroa.mg\/fr\/wp-json\/wp\/v2\/product"}],"about":[{"href":"https:\/\/takelakaroa.mg\/fr\/wp-json\/wp\/v2\/types\/product"}],"replies":[{"embeddable":true,"href":"https:\/\/takelakaroa.mg\/fr\/wp-json\/wp\/v2\/comments?post=99"}],"wp:featuredmedia":[{"embeddable":true,"href":"https:\/\/takelakaroa.mg\/fr\/wp-json\/wp\/v2\/media\/92"}],"wp:attachment":[{"href":"https:\/\/takelakaroa.mg\/fr\/wp-json\/wp\/v2\/media?parent=99"}],"wp:term":[{"taxonomy":"product_brand","embeddable":true,"href":"https:\/\/takelakaroa.mg\/fr\/wp-json\/wp\/v2\/product_brand?post=99"},{"taxonomy":"product_cat","embeddable":true,"href":"https:\/\/takelakaroa.mg\/fr\/wp-json\/wp\/v2\/product_cat?post=99"},{"taxonomy":"product_tag","embeddable":true,"href":"https:\/\/takelakaroa.mg\/fr\/wp-json\/wp\/v2\/product_tag?post=99"}],"curies":[{"name":"wp","href":"https:\/\/api.w.org\/{rel}","templated":true}]}}