{"id":98,"date":"2026-01-21T08:26:36","date_gmt":"2026-01-21T08:26:36","guid":{"rendered":"https:\/\/darkred-bat-908940.hostingersite.com\/?post_type=product&#038;p=98"},"modified":"2026-03-05T05:47:34","modified_gmt":"2026-03-05T05:47:34","slug":"il-faut-vaincre-trimobe","status":"publish","type":"product","link":"https:\/\/takelakaroa.mg\/fr\/produit\/il-faut-vaincre-trimobe\/","title":{"rendered":"Il faut vaincre Trimobe"},"content":{"rendered":"<p>\u00ab\u00a0Ifaramalemy, Ikotobekibo, Bebe Rangory, Trimobe\u2026 Kalo conna\u00eet toutes ces l\u00e9gendes gr\u00e2ce aux contes de son grand-p\u00e8re. Mais jamais, elle n\u2019aurait imagin\u00e9 tous les rencontrer. Un jour pourtant, elle bascule dans l\u2019autre monde et re\u00e7oit une mission cruciale : vaincre le terrible Trimobe. Va-t-elle y arriver ? A la fin de ce conte malgache revisit\u00e9, un glossaire des mots difficiles est disponible\u00a0\u00bb<\/p>\n","protected":false},"excerpt":{"rendered":"<p>\u00ab\u00a0Ifaramalemy, Ikotobekibo, Bebe Rangory, Trimobe\u2026 Kalo conna\u00eet toutes ces l\u00e9gendes gr\u00e2ce aux contes de son grand-p\u00e8re. Mais jamais, elle n\u2019aurait imagin\u00e9 tous les rencontrer. Un jour pourtant, elle bascule dans l\u2019autre monde et re\u00e7oit une mission cruciale : vaincre le terrible Trimobe. Va-t-elle y arriver ? A la fin de ce conte malgache revisit\u00e9, un [&hellip;]<\/p>\n","protected":false},"featured_media":93,"comment_status":"open","ping_status":"closed","template":"","meta":[],"product_brand":[],"product_cat":[50,51,52],"product_tag":[],"class_list":{"0":"post-98","1":"product","2":"type-product","3":"status-publish","4":"has-post-thumbnail","6":"product_cat-aventure","7":"product_cat-conte","8":"product_cat-traditionnel","10":"first","11":"instock","12":"taxable","13":"shipping-taxable","14":"purchasable","15":"product-type-simple"},"yoast_head":"<!-- This site is optimized with the Yoast SEO plugin v27.1.1 - https:\/\/yoast.com\/product\/yoast-seo-wordpress\/ -->\n<title>Il faut vaincre Trimobe - TAKELAKA ROA<\/title>\n<meta name=\"robots\" content=\"index, follow, max-snippet:-1, max-image-preview:large, max-video-preview:-1\" \/>\n<link rel=\"canonical\" href=\"https:\/\/takelakaroa.mg\/fr\/produit\/il-faut-vaincre-trimobe\/\" \/>\n<meta property=\"og:locale\" content=\"fr_FR\" \/>\n<meta property=\"og:type\" content=\"article\" \/>\n<meta property=\"og:title\" content=\"Il faut vaincre Trimobe - TAKELAKA ROA\" \/>\n<meta property=\"og:description\" content=\"\u00ab\u00a0Ifaramalemy, Ikotobekibo, Bebe Rangory, Trimobe\u2026 Kalo conna\u00eet toutes ces l\u00e9gendes gr\u00e2ce aux contes de son grand-p\u00e8re. Mais jamais, elle n\u2019aurait imagin\u00e9 tous les rencontrer. Un jour pourtant, elle bascule dans l\u2019autre monde et re\u00e7oit une mission cruciale : vaincre le terrible Trimobe. Va-t-elle y arriver ? A la fin de ce conte malgache revisit\u00e9, un [&hellip;]\" \/>\n<meta property=\"og:url\" content=\"https:\/\/takelakaroa.mg\/fr\/produit\/il-faut-vaincre-trimobe\/\" \/>\n<meta property=\"og:site_name\" content=\"TAKELAKA ROA\" \/>\n<meta property=\"article:modified_time\" content=\"2026-03-05T05:47:34+00:00\" \/>\n<meta property=\"og:image\" content=\"https:\/\/takelakaroa.mg\/wp-content\/uploads\/2026\/01\/Cover-Il-Faut-Vaincre-Trimobe-dos32.webp\" \/>\n\t<meta property=\"og:image:width\" content=\"1024\" \/>\n\t<meta property=\"og:image:height\" content=\"1493\" \/>\n\t<meta property=\"og:image:type\" content=\"image\/webp\" \/>\n<meta name=\"twitter:card\" content=\"summary_large_image\" \/>\n<meta name=\"twitter:label1\" content=\"Dur\u00e9e de lecture estim\u00e9e\" \/>\n\t<meta name=\"twitter:data1\" content=\"1 minute\" \/>\n<script type=\"application\/ld+json\" class=\"yoast-schema-graph\">{\"@context\":\"https:\/\/schema.org\",\"@graph\":[{\"@type\":\"WebPage\",\"@id\":\"https:\/\/takelakaroa.mg\/produit\/il-faut-vaincre-trimobe\/\",\"url\":\"https:\/\/takelakaroa.mg\/produit\/il-faut-vaincre-trimobe\/\",\"name\":\"Il faut vaincre Trimobe - TAKELAKA ROA\",\"isPartOf\":{\"@id\":\"https:\/\/darkred-bat-908940.hostingersite.com\/#website\"},\"primaryImageOfPage\":{\"@id\":\"https:\/\/takelakaroa.mg\/produit\/il-faut-vaincre-trimobe\/#primaryimage\"},\"image\":{\"@id\":\"https:\/\/takelakaroa.mg\/produit\/il-faut-vaincre-trimobe\/#primaryimage\"},\"thumbnailUrl\":\"https:\/\/takelakaroa.mg\/wp-content\/uploads\/2026\/01\/Cover-Il-Faut-Vaincre-Trimobe-dos32.webp\",\"datePublished\":\"2026-01-21T08:26:36+00:00\",\"dateModified\":\"2026-03-05T05:47:34+00:00\",\"breadcrumb\":{\"@id\":\"https:\/\/takelakaroa.mg\/produit\/il-faut-vaincre-trimobe\/#breadcrumb\"},\"inLanguage\":\"fr-FR\",\"potentialAction\":[{\"@type\":\"ReadAction\",\"target\":[\"https:\/\/takelakaroa.mg\/produit\/il-faut-vaincre-trimobe\/\"]}]},{\"@type\":\"ImageObject\",\"inLanguage\":\"fr-FR\",\"@id\":\"https:\/\/takelakaroa.mg\/produit\/il-faut-vaincre-trimobe\/#primaryimage\",\"url\":\"https:\/\/takelakaroa.mg\/wp-content\/uploads\/2026\/01\/Cover-Il-Faut-Vaincre-Trimobe-dos32.webp\",\"contentUrl\":\"https:\/\/takelakaroa.mg\/wp-content\/uploads\/2026\/01\/Cover-Il-Faut-Vaincre-Trimobe-dos32.webp\",\"width\":1024,\"height\":1493,\"caption\":\"Cover Il Faut Vaincre Trimobe + dos32\"},{\"@type\":\"BreadcrumbList\",\"@id\":\"https:\/\/takelakaroa.mg\/produit\/il-faut-vaincre-trimobe\/#breadcrumb\",\"itemListElement\":[{\"@type\":\"ListItem\",\"position\":1,\"name\":\"Accueil\",\"item\":\"https:\/\/takelakaroa.mg\/\"},{\"@type\":\"ListItem\",\"position\":2,\"name\":\"Produits\",\"item\":\"https:\/\/darkred-bat-908940.hostingersite.com\/boutique\/\"},{\"@type\":\"ListItem\",\"position\":3,\"name\":\"Il faut vaincre Trimobe\"}]},{\"@type\":\"WebSite\",\"@id\":\"https:\/\/darkred-bat-908940.hostingersite.com\/#website\",\"url\":\"https:\/\/darkred-bat-908940.hostingersite.com\/\",\"name\":\"TAKELAKA ROA\",\"description\":\"Plateforme num\u00e9rique de commercialisation et de valorisation de livre jeunesse bilingue\",\"publisher\":{\"@id\":\"https:\/\/darkred-bat-908940.hostingersite.com\/#organization\"},\"potentialAction\":[{\"@type\":\"SearchAction\",\"target\":{\"@type\":\"EntryPoint\",\"urlTemplate\":\"https:\/\/darkred-bat-908940.hostingersite.com\/?s={search_term_string}\"},\"query-input\":{\"@type\":\"PropertyValueSpecification\",\"valueRequired\":true,\"valueName\":\"search_term_string\"}}],\"inLanguage\":\"fr-FR\"},{\"@type\":\"Organization\",\"@id\":\"https:\/\/darkred-bat-908940.hostingersite.com\/#organization\",\"name\":\"TAKELAKA ROA\",\"url\":\"https:\/\/darkred-bat-908940.hostingersite.com\/\",\"logo\":{\"@type\":\"ImageObject\",\"inLanguage\":\"fr-FR\",\"@id\":\"https:\/\/darkred-bat-908940.hostingersite.com\/#\/schema\/logo\/image\/\",\"url\":\"https:\/\/takelakaroa.mg\/wp-content\/uploads\/2026\/01\/cropped-Logo-TAKELAKA-ROA-VF-1.webp\",\"contentUrl\":\"https:\/\/takelakaroa.mg\/wp-content\/uploads\/2026\/01\/cropped-Logo-TAKELAKA-ROA-VF-1.webp\",\"width\":913,\"height\":912,\"caption\":\"TAKELAKA ROA\"},\"image\":{\"@id\":\"https:\/\/darkred-bat-908940.hostingersite.com\/#\/schema\/logo\/image\/\"}}]}<\/script>\n<!-- \/ Yoast SEO plugin. -->","yoast_head_json":{"title":"Il faut vaincre Trimobe - TAKELAKA ROA","robots":{"index":"index","follow":"follow","max-snippet":"max-snippet:-1","max-image-preview":"max-image-preview:large","max-video-preview":"max-video-preview:-1"},"canonical":"https:\/\/takelakaroa.mg\/fr\/produit\/il-faut-vaincre-trimobe\/","og_locale":"fr_FR","og_type":"article","og_title":"Il faut vaincre Trimobe - TAKELAKA ROA","og_description":"\u00ab\u00a0Ifaramalemy, Ikotobekibo, Bebe Rangory, Trimobe\u2026 Kalo conna\u00eet toutes ces l\u00e9gendes gr\u00e2ce aux contes de son grand-p\u00e8re. Mais jamais, elle n\u2019aurait imagin\u00e9 tous les rencontrer. Un jour pourtant, elle bascule dans l\u2019autre monde et re\u00e7oit une mission cruciale : vaincre le terrible Trimobe. Va-t-elle y arriver ? A la fin de ce conte malgache revisit\u00e9, un [&hellip;]","og_url":"https:\/\/takelakaroa.mg\/fr\/produit\/il-faut-vaincre-trimobe\/","og_site_name":"TAKELAKA ROA","article_modified_time":"2026-03-05T05:47:34+00:00","og_image":[{"width":1024,"height":1493,"url":"https:\/\/takelakaroa.mg\/wp-content\/uploads\/2026\/01\/Cover-Il-Faut-Vaincre-Trimobe-dos32.webp","type":"image\/webp"}],"twitter_card":"summary_large_image","twitter_misc":{"Dur\u00e9e de lecture estim\u00e9e":"1 minute"},"schema":{"@context":"https:\/\/schema.org","@graph":[{"@type":"WebPage","@id":"https:\/\/takelakaroa.mg\/produit\/il-faut-vaincre-trimobe\/","url":"https:\/\/takelakaroa.mg\/produit\/il-faut-vaincre-trimobe\/","name":"Il faut vaincre Trimobe - TAKELAKA ROA","isPartOf":{"@id":"https:\/\/darkred-bat-908940.hostingersite.com\/#website"},"primaryImageOfPage":{"@id":"https:\/\/takelakaroa.mg\/produit\/il-faut-vaincre-trimobe\/#primaryimage"},"image":{"@id":"https:\/\/takelakaroa.mg\/produit\/il-faut-vaincre-trimobe\/#primaryimage"},"thumbnailUrl":"https:\/\/takelakaroa.mg\/wp-content\/uploads\/2026\/01\/Cover-Il-Faut-Vaincre-Trimobe-dos32.webp","datePublished":"2026-01-21T08:26:36+00:00","dateModified":"2026-03-05T05:47:34+00:00","breadcrumb":{"@id":"https:\/\/takelakaroa.mg\/produit\/il-faut-vaincre-trimobe\/#breadcrumb"},"inLanguage":"fr-FR","potentialAction":[{"@type":"ReadAction","target":["https:\/\/takelakaroa.mg\/produit\/il-faut-vaincre-trimobe\/"]}]},{"@type":"ImageObject","inLanguage":"fr-FR","@id":"https:\/\/takelakaroa.mg\/produit\/il-faut-vaincre-trimobe\/#primaryimage","url":"https:\/\/takelakaroa.mg\/wp-content\/uploads\/2026\/01\/Cover-Il-Faut-Vaincre-Trimobe-dos32.webp","contentUrl":"https:\/\/takelakaroa.mg\/wp-content\/uploads\/2026\/01\/Cover-Il-Faut-Vaincre-Trimobe-dos32.webp","width":1024,"height":1493,"caption":"Cover Il Faut Vaincre Trimobe + dos32"},{"@type":"BreadcrumbList","@id":"https:\/\/takelakaroa.mg\/produit\/il-faut-vaincre-trimobe\/#breadcrumb","itemListElement":[{"@type":"ListItem","position":1,"name":"Accueil","item":"https:\/\/takelakaroa.mg\/"},{"@type":"ListItem","position":2,"name":"Produits","item":"https:\/\/darkred-bat-908940.hostingersite.com\/boutique\/"},{"@type":"ListItem","position":3,"name":"Il faut vaincre Trimobe"}]},{"@type":"WebSite","@id":"https:\/\/darkred-bat-908940.hostingersite.com\/#website","url":"https:\/\/darkred-bat-908940.hostingersite.com\/","name":"TAKELAKA ROA","description":"Plateforme num\u00e9rique de commercialisation et de valorisation de livre jeunesse bilingue","publisher":{"@id":"https:\/\/darkred-bat-908940.hostingersite.com\/#organization"},"potentialAction":[{"@type":"SearchAction","target":{"@type":"EntryPoint","urlTemplate":"https:\/\/darkred-bat-908940.hostingersite.com\/?s={search_term_string}"},"query-input":{"@type":"PropertyValueSpecification","valueRequired":true,"valueName":"search_term_string"}}],"inLanguage":"fr-FR"},{"@type":"Organization","@id":"https:\/\/darkred-bat-908940.hostingersite.com\/#organization","name":"TAKELAKA ROA","url":"https:\/\/darkred-bat-908940.hostingersite.com\/","logo":{"@type":"ImageObject","inLanguage":"fr-FR","@id":"https:\/\/darkred-bat-908940.hostingersite.com\/#\/schema\/logo\/image\/","url":"https:\/\/takelakaroa.mg\/wp-content\/uploads\/2026\/01\/cropped-Logo-TAKELAKA-ROA-VF-1.webp","contentUrl":"https:\/\/takelakaroa.mg\/wp-content\/uploads\/2026\/01\/cropped-Logo-TAKELAKA-ROA-VF-1.webp","width":913,"height":912,"caption":"TAKELAKA ROA"},"image":{"@id":"https:\/\/darkred-bat-908940.hostingersite.com\/#\/schema\/logo\/image\/"}}]}},"_links":{"self":[{"href":"https:\/\/takelakaroa.mg\/fr\/wp-json\/wp\/v2\/product\/98","targetHints":{"allow":["GET"]}}],"collection":[{"href":"https:\/\/takelakaroa.mg\/fr\/wp-json\/wp\/v2\/product"}],"about":[{"href":"https:\/\/takelakaroa.mg\/fr\/wp-json\/wp\/v2\/types\/product"}],"replies":[{"embeddable":true,"href":"https:\/\/takelakaroa.mg\/fr\/wp-json\/wp\/v2\/comments?post=98"}],"wp:featuredmedia":[{"embeddable":true,"href":"https:\/\/takelakaroa.mg\/fr\/wp-json\/wp\/v2\/media\/93"}],"wp:attachment":[{"href":"https:\/\/takelakaroa.mg\/fr\/wp-json\/wp\/v2\/media?parent=98"}],"wp:term":[{"taxonomy":"product_brand","embeddable":true,"href":"https:\/\/takelakaroa.mg\/fr\/wp-json\/wp\/v2\/product_brand?post=98"},{"taxonomy":"product_cat","embeddable":true,"href":"https:\/\/takelakaroa.mg\/fr\/wp-json\/wp\/v2\/product_cat?post=98"},{"taxonomy":"product_tag","embeddable":true,"href":"https:\/\/takelakaroa.mg\/fr\/wp-json\/wp\/v2\/product_tag?post=98"}],"curies":[{"name":"wp","href":"https:\/\/api.w.org\/{rel}","templated":true}]}}