{"id":97,"date":"2026-01-21T08:24:42","date_gmt":"2026-01-21T08:24:42","guid":{"rendered":"https:\/\/darkred-bat-908940.hostingersite.com\/?post_type=product&#038;p=97"},"modified":"2026-03-05T05:44:32","modified_gmt":"2026-03-05T05:44:32","slug":"nos-jolies-differences-hatsarana-hafakely","status":"publish","type":"product","link":"https:\/\/takelakaroa.mg\/fr\/produit\/nos-jolies-differences-hatsarana-hafakely\/","title":{"rendered":"Nos jolies diff\u00e9rences \/ Hatsarana hafakely"},"content":{"rendered":"<p>\u00ab\u00a0Dans un monde o\u00f9 nos diff\u00e9rences tendent \u00e0 nous s\u00e9parer, o\u00f9 nos enfants se comparent, s\u2019inqui\u00e8tent de leur apparence ou de leur intelligence, le livre Hatsarana Hafakely offre une r\u00e9ponse sensible et rassurante. Valisoa s\u2019adresse directement \u00e0 chaque enfant, avec des mots simples et tendres, pour leur rappeler une v\u00e9rit\u00e9 essentielle : Tu es unique. Ta diff\u00e9rence est pr\u00e9cieuse. Un livre qui vise \u00e0 renforcer l\u2019estime de soi d\u00e8s l\u2019enfance\u00a0\u00bb<\/p>\n","protected":false},"excerpt":{"rendered":"<p>\u00ab\u00a0Dans un monde o\u00f9 nos diff\u00e9rences tendent \u00e0 nous s\u00e9parer, o\u00f9 nos enfants se comparent, s\u2019inqui\u00e8tent de leur apparence ou de leur intelligence, le livre Hatsarana Hafakely offre une r\u00e9ponse sensible et rassurante. Valisoa s\u2019adresse directement \u00e0 chaque enfant, avec des mots simples et tendres, pour leur rappeler une v\u00e9rit\u00e9 essentielle : Tu es unique. [&hellip;]<\/p>\n","protected":false},"featured_media":94,"comment_status":"open","ping_status":"closed","template":"","meta":[],"product_brand":[],"product_cat":[48],"product_tag":[],"class_list":{"0":"post-97","1":"product","2":"type-product","3":"status-publish","4":"has-post-thumbnail","6":"product_cat-estime-de-soi","8":"first","9":"instock","10":"taxable","11":"shipping-taxable","12":"purchasable","13":"product-type-simple"},"yoast_head":"<!-- This site is optimized with the Yoast SEO plugin v27.1.1 - https:\/\/yoast.com\/product\/yoast-seo-wordpress\/ -->\n<title>Nos jolies diff\u00e9rences \/ Hatsarana hafakely - TAKELAKA ROA<\/title>\n<meta name=\"robots\" content=\"index, follow, max-snippet:-1, max-image-preview:large, max-video-preview:-1\" \/>\n<link rel=\"canonical\" href=\"https:\/\/takelakaroa.mg\/fr\/produit\/nos-jolies-differences-hatsarana-hafakely\/\" \/>\n<meta property=\"og:locale\" content=\"fr_FR\" \/>\n<meta property=\"og:type\" content=\"article\" \/>\n<meta property=\"og:title\" content=\"Nos jolies diff\u00e9rences \/ Hatsarana hafakely - TAKELAKA ROA\" \/>\n<meta property=\"og:description\" content=\"\u00ab\u00a0Dans un monde o\u00f9 nos diff\u00e9rences tendent \u00e0 nous s\u00e9parer, o\u00f9 nos enfants se comparent, s\u2019inqui\u00e8tent de leur apparence ou de leur intelligence, le livre Hatsarana Hafakely offre une r\u00e9ponse sensible et rassurante. Valisoa s\u2019adresse directement \u00e0 chaque enfant, avec des mots simples et tendres, pour leur rappeler une v\u00e9rit\u00e9 essentielle : Tu es unique. [&hellip;]\" \/>\n<meta property=\"og:url\" content=\"https:\/\/takelakaroa.mg\/fr\/produit\/nos-jolies-differences-hatsarana-hafakely\/\" \/>\n<meta property=\"og:site_name\" content=\"TAKELAKA ROA\" \/>\n<meta property=\"article:modified_time\" content=\"2026-03-05T05:44:32+00:00\" \/>\n<meta property=\"og:image\" content=\"https:\/\/takelakaroa.mg\/wp-content\/uploads\/2026\/01\/HATSARANA-HAFAKELY-COUVERTURE.webp\" \/>\n\t<meta property=\"og:image:width\" content=\"1024\" \/>\n\t<meta property=\"og:image:height\" content=\"1024\" \/>\n\t<meta property=\"og:image:type\" content=\"image\/webp\" \/>\n<meta name=\"twitter:card\" content=\"summary_large_image\" \/>\n<meta name=\"twitter:label1\" content=\"Dur\u00e9e de lecture estim\u00e9e\" \/>\n\t<meta name=\"twitter:data1\" content=\"1 minute\" \/>\n<script type=\"application\/ld+json\" class=\"yoast-schema-graph\">{\"@context\":\"https:\/\/schema.org\",\"@graph\":[{\"@type\":\"WebPage\",\"@id\":\"https:\/\/takelakaroa.mg\/produit\/nos-jolies-differences-hatsarana-hafakely\/\",\"url\":\"https:\/\/takelakaroa.mg\/produit\/nos-jolies-differences-hatsarana-hafakely\/\",\"name\":\"Nos jolies diff\u00e9rences \/ Hatsarana hafakely - TAKELAKA ROA\",\"isPartOf\":{\"@id\":\"https:\/\/darkred-bat-908940.hostingersite.com\/#website\"},\"primaryImageOfPage\":{\"@id\":\"https:\/\/takelakaroa.mg\/produit\/nos-jolies-differences-hatsarana-hafakely\/#primaryimage\"},\"image\":{\"@id\":\"https:\/\/takelakaroa.mg\/produit\/nos-jolies-differences-hatsarana-hafakely\/#primaryimage\"},\"thumbnailUrl\":\"https:\/\/takelakaroa.mg\/wp-content\/uploads\/2026\/01\/HATSARANA-HAFAKELY-COUVERTURE.webp\",\"datePublished\":\"2026-01-21T08:24:42+00:00\",\"dateModified\":\"2026-03-05T05:44:32+00:00\",\"breadcrumb\":{\"@id\":\"https:\/\/takelakaroa.mg\/produit\/nos-jolies-differences-hatsarana-hafakely\/#breadcrumb\"},\"inLanguage\":\"fr-FR\",\"potentialAction\":[{\"@type\":\"ReadAction\",\"target\":[\"https:\/\/takelakaroa.mg\/produit\/nos-jolies-differences-hatsarana-hafakely\/\"]}]},{\"@type\":\"ImageObject\",\"inLanguage\":\"fr-FR\",\"@id\":\"https:\/\/takelakaroa.mg\/produit\/nos-jolies-differences-hatsarana-hafakely\/#primaryimage\",\"url\":\"https:\/\/takelakaroa.mg\/wp-content\/uploads\/2026\/01\/HATSARANA-HAFAKELY-COUVERTURE.webp\",\"contentUrl\":\"https:\/\/takelakaroa.mg\/wp-content\/uploads\/2026\/01\/HATSARANA-HAFAKELY-COUVERTURE.webp\",\"width\":1024,\"height\":1024,\"caption\":\"HATSARANA HAFAKELY COUVERTURE\"},{\"@type\":\"BreadcrumbList\",\"@id\":\"https:\/\/takelakaroa.mg\/produit\/nos-jolies-differences-hatsarana-hafakely\/#breadcrumb\",\"itemListElement\":[{\"@type\":\"ListItem\",\"position\":1,\"name\":\"Accueil\",\"item\":\"https:\/\/takelakaroa.mg\/\"},{\"@type\":\"ListItem\",\"position\":2,\"name\":\"Produits\",\"item\":\"https:\/\/darkred-bat-908940.hostingersite.com\/boutique\/\"},{\"@type\":\"ListItem\",\"position\":3,\"name\":\"Nos jolies diff\u00e9rences \/ Hatsarana hafakely\"}]},{\"@type\":\"WebSite\",\"@id\":\"https:\/\/darkred-bat-908940.hostingersite.com\/#website\",\"url\":\"https:\/\/darkred-bat-908940.hostingersite.com\/\",\"name\":\"TAKELAKA ROA\",\"description\":\"Plateforme num\u00e9rique de commercialisation et de valorisation de livre jeunesse bilingue\",\"publisher\":{\"@id\":\"https:\/\/darkred-bat-908940.hostingersite.com\/#organization\"},\"potentialAction\":[{\"@type\":\"SearchAction\",\"target\":{\"@type\":\"EntryPoint\",\"urlTemplate\":\"https:\/\/darkred-bat-908940.hostingersite.com\/?s={search_term_string}\"},\"query-input\":{\"@type\":\"PropertyValueSpecification\",\"valueRequired\":true,\"valueName\":\"search_term_string\"}}],\"inLanguage\":\"fr-FR\"},{\"@type\":\"Organization\",\"@id\":\"https:\/\/darkred-bat-908940.hostingersite.com\/#organization\",\"name\":\"TAKELAKA ROA\",\"url\":\"https:\/\/darkred-bat-908940.hostingersite.com\/\",\"logo\":{\"@type\":\"ImageObject\",\"inLanguage\":\"fr-FR\",\"@id\":\"https:\/\/darkred-bat-908940.hostingersite.com\/#\/schema\/logo\/image\/\",\"url\":\"https:\/\/takelakaroa.mg\/wp-content\/uploads\/2026\/01\/cropped-Logo-TAKELAKA-ROA-VF-1.webp\",\"contentUrl\":\"https:\/\/takelakaroa.mg\/wp-content\/uploads\/2026\/01\/cropped-Logo-TAKELAKA-ROA-VF-1.webp\",\"width\":913,\"height\":912,\"caption\":\"TAKELAKA ROA\"},\"image\":{\"@id\":\"https:\/\/darkred-bat-908940.hostingersite.com\/#\/schema\/logo\/image\/\"}}]}<\/script>\n<!-- \/ Yoast SEO plugin. -->","yoast_head_json":{"title":"Nos jolies diff\u00e9rences \/ Hatsarana hafakely - TAKELAKA ROA","robots":{"index":"index","follow":"follow","max-snippet":"max-snippet:-1","max-image-preview":"max-image-preview:large","max-video-preview":"max-video-preview:-1"},"canonical":"https:\/\/takelakaroa.mg\/fr\/produit\/nos-jolies-differences-hatsarana-hafakely\/","og_locale":"fr_FR","og_type":"article","og_title":"Nos jolies diff\u00e9rences \/ Hatsarana hafakely - TAKELAKA ROA","og_description":"\u00ab\u00a0Dans un monde o\u00f9 nos diff\u00e9rences tendent \u00e0 nous s\u00e9parer, o\u00f9 nos enfants se comparent, s\u2019inqui\u00e8tent de leur apparence ou de leur intelligence, le livre Hatsarana Hafakely offre une r\u00e9ponse sensible et rassurante. Valisoa s\u2019adresse directement \u00e0 chaque enfant, avec des mots simples et tendres, pour leur rappeler une v\u00e9rit\u00e9 essentielle : Tu es unique. [&hellip;]","og_url":"https:\/\/takelakaroa.mg\/fr\/produit\/nos-jolies-differences-hatsarana-hafakely\/","og_site_name":"TAKELAKA ROA","article_modified_time":"2026-03-05T05:44:32+00:00","og_image":[{"width":1024,"height":1024,"url":"https:\/\/takelakaroa.mg\/wp-content\/uploads\/2026\/01\/HATSARANA-HAFAKELY-COUVERTURE.webp","type":"image\/webp"}],"twitter_card":"summary_large_image","twitter_misc":{"Dur\u00e9e de lecture estim\u00e9e":"1 minute"},"schema":{"@context":"https:\/\/schema.org","@graph":[{"@type":"WebPage","@id":"https:\/\/takelakaroa.mg\/produit\/nos-jolies-differences-hatsarana-hafakely\/","url":"https:\/\/takelakaroa.mg\/produit\/nos-jolies-differences-hatsarana-hafakely\/","name":"Nos jolies diff\u00e9rences \/ Hatsarana hafakely - TAKELAKA ROA","isPartOf":{"@id":"https:\/\/darkred-bat-908940.hostingersite.com\/#website"},"primaryImageOfPage":{"@id":"https:\/\/takelakaroa.mg\/produit\/nos-jolies-differences-hatsarana-hafakely\/#primaryimage"},"image":{"@id":"https:\/\/takelakaroa.mg\/produit\/nos-jolies-differences-hatsarana-hafakely\/#primaryimage"},"thumbnailUrl":"https:\/\/takelakaroa.mg\/wp-content\/uploads\/2026\/01\/HATSARANA-HAFAKELY-COUVERTURE.webp","datePublished":"2026-01-21T08:24:42+00:00","dateModified":"2026-03-05T05:44:32+00:00","breadcrumb":{"@id":"https:\/\/takelakaroa.mg\/produit\/nos-jolies-differences-hatsarana-hafakely\/#breadcrumb"},"inLanguage":"fr-FR","potentialAction":[{"@type":"ReadAction","target":["https:\/\/takelakaroa.mg\/produit\/nos-jolies-differences-hatsarana-hafakely\/"]}]},{"@type":"ImageObject","inLanguage":"fr-FR","@id":"https:\/\/takelakaroa.mg\/produit\/nos-jolies-differences-hatsarana-hafakely\/#primaryimage","url":"https:\/\/takelakaroa.mg\/wp-content\/uploads\/2026\/01\/HATSARANA-HAFAKELY-COUVERTURE.webp","contentUrl":"https:\/\/takelakaroa.mg\/wp-content\/uploads\/2026\/01\/HATSARANA-HAFAKELY-COUVERTURE.webp","width":1024,"height":1024,"caption":"HATSARANA HAFAKELY COUVERTURE"},{"@type":"BreadcrumbList","@id":"https:\/\/takelakaroa.mg\/produit\/nos-jolies-differences-hatsarana-hafakely\/#breadcrumb","itemListElement":[{"@type":"ListItem","position":1,"name":"Accueil","item":"https:\/\/takelakaroa.mg\/"},{"@type":"ListItem","position":2,"name":"Produits","item":"https:\/\/darkred-bat-908940.hostingersite.com\/boutique\/"},{"@type":"ListItem","position":3,"name":"Nos jolies diff\u00e9rences \/ Hatsarana hafakely"}]},{"@type":"WebSite","@id":"https:\/\/darkred-bat-908940.hostingersite.com\/#website","url":"https:\/\/darkred-bat-908940.hostingersite.com\/","name":"TAKELAKA ROA","description":"Plateforme num\u00e9rique de commercialisation et de valorisation de livre jeunesse bilingue","publisher":{"@id":"https:\/\/darkred-bat-908940.hostingersite.com\/#organization"},"potentialAction":[{"@type":"SearchAction","target":{"@type":"EntryPoint","urlTemplate":"https:\/\/darkred-bat-908940.hostingersite.com\/?s={search_term_string}"},"query-input":{"@type":"PropertyValueSpecification","valueRequired":true,"valueName":"search_term_string"}}],"inLanguage":"fr-FR"},{"@type":"Organization","@id":"https:\/\/darkred-bat-908940.hostingersite.com\/#organization","name":"TAKELAKA ROA","url":"https:\/\/darkred-bat-908940.hostingersite.com\/","logo":{"@type":"ImageObject","inLanguage":"fr-FR","@id":"https:\/\/darkred-bat-908940.hostingersite.com\/#\/schema\/logo\/image\/","url":"https:\/\/takelakaroa.mg\/wp-content\/uploads\/2026\/01\/cropped-Logo-TAKELAKA-ROA-VF-1.webp","contentUrl":"https:\/\/takelakaroa.mg\/wp-content\/uploads\/2026\/01\/cropped-Logo-TAKELAKA-ROA-VF-1.webp","width":913,"height":912,"caption":"TAKELAKA ROA"},"image":{"@id":"https:\/\/darkred-bat-908940.hostingersite.com\/#\/schema\/logo\/image\/"}}]}},"_links":{"self":[{"href":"https:\/\/takelakaroa.mg\/fr\/wp-json\/wp\/v2\/product\/97","targetHints":{"allow":["GET"]}}],"collection":[{"href":"https:\/\/takelakaroa.mg\/fr\/wp-json\/wp\/v2\/product"}],"about":[{"href":"https:\/\/takelakaroa.mg\/fr\/wp-json\/wp\/v2\/types\/product"}],"replies":[{"embeddable":true,"href":"https:\/\/takelakaroa.mg\/fr\/wp-json\/wp\/v2\/comments?post=97"}],"wp:featuredmedia":[{"embeddable":true,"href":"https:\/\/takelakaroa.mg\/fr\/wp-json\/wp\/v2\/media\/94"}],"wp:attachment":[{"href":"https:\/\/takelakaroa.mg\/fr\/wp-json\/wp\/v2\/media?parent=97"}],"wp:term":[{"taxonomy":"product_brand","embeddable":true,"href":"https:\/\/takelakaroa.mg\/fr\/wp-json\/wp\/v2\/product_brand?post=97"},{"taxonomy":"product_cat","embeddable":true,"href":"https:\/\/takelakaroa.mg\/fr\/wp-json\/wp\/v2\/product_cat?post=97"},{"taxonomy":"product_tag","embeddable":true,"href":"https:\/\/takelakaroa.mg\/fr\/wp-json\/wp\/v2\/product_tag?post=97"}],"curies":[{"name":"wp","href":"https:\/\/api.w.org\/{rel}","templated":true}]}}