{"id":96,"date":"2026-01-21T08:19:11","date_gmt":"2026-01-21T08:19:11","guid":{"rendered":"https:\/\/darkred-bat-908940.hostingersite.com\/?post_type=product&#038;p=96"},"modified":"2026-03-05T05:38:38","modified_gmt":"2026-03-05T05:38:38","slug":"kintana-mamiratra","status":"publish","type":"product","link":"https:\/\/takelakaroa.mg\/fr\/produit\/kintana-mamiratra\/","title":{"rendered":"Kintana Mamiratra"},"content":{"rendered":"<p>\u00ab\u00a0L\u2019histoire de Kintana Mamiratra est celle d\u2019une petite fille qui a perdu son papa. A travers une belle petite chanson \u00e9crite pour elle, elle poursuit sa vie et suit le chemin que son p\u00e8re imaginait pour elle. QR Code \u00e0 scanner pour \u00e9couter la berceuse Kintana Mamiratra Jeu chercher et trouver \u00e0 travers le livre pour trouver des \u00e9toiles. Mini documentaire sur les \u00e9toiles sur 2 pages\u00a0\u00bb<\/p>\n","protected":false},"excerpt":{"rendered":"<p>\u00ab\u00a0L\u2019histoire de Kintana Mamiratra est celle d\u2019une petite fille qui a perdu son papa. A travers une belle petite chanson \u00e9crite pour elle, elle poursuit sa vie et suit le chemin que son p\u00e8re imaginait pour elle. QR Code \u00e0 scanner pour \u00e9couter la berceuse Kintana Mamiratra Jeu chercher et trouver \u00e0 travers le livre [&hellip;]<\/p>\n","protected":false},"featured_media":89,"comment_status":"open","ping_status":"closed","template":"","meta":[],"product_brand":[],"product_cat":[54,55],"product_tag":[],"class_list":{"0":"post-96","1":"product","2":"type-product","3":"status-publish","4":"has-post-thumbnail","6":"product_cat-deuil","7":"product_cat-espoir","9":"first","10":"instock","11":"sale","12":"taxable","13":"shipping-taxable","14":"purchasable","15":"product-type-simple"},"yoast_head":"<!-- This site is optimized with the Yoast SEO plugin v27.1.1 - https:\/\/yoast.com\/product\/yoast-seo-wordpress\/ -->\n<title>Kintana Mamiratra - TAKELAKA ROA<\/title>\n<meta name=\"robots\" content=\"index, follow, max-snippet:-1, max-image-preview:large, max-video-preview:-1\" \/>\n<link rel=\"canonical\" href=\"https:\/\/takelakaroa.mg\/fr\/produit\/kintana-mamiratra\/\" \/>\n<meta property=\"og:locale\" content=\"fr_FR\" \/>\n<meta property=\"og:type\" content=\"article\" \/>\n<meta property=\"og:title\" content=\"Kintana Mamiratra - TAKELAKA ROA\" \/>\n<meta property=\"og:description\" content=\"\u00ab\u00a0L\u2019histoire de Kintana Mamiratra est celle d\u2019une petite fille qui a perdu son papa. A travers une belle petite chanson \u00e9crite pour elle, elle poursuit sa vie et suit le chemin que son p\u00e8re imaginait pour elle. QR Code \u00e0 scanner pour \u00e9couter la berceuse Kintana Mamiratra Jeu chercher et trouver \u00e0 travers le livre [&hellip;]\" \/>\n<meta property=\"og:url\" content=\"https:\/\/takelakaroa.mg\/fr\/produit\/kintana-mamiratra\/\" \/>\n<meta property=\"og:site_name\" content=\"TAKELAKA ROA\" \/>\n<meta property=\"article:modified_time\" content=\"2026-03-05T05:38:38+00:00\" \/>\n<meta property=\"og:image\" content=\"https:\/\/takelakaroa.mg\/wp-content\/uploads\/2026\/01\/indd-KINTANA-23-09-2024.webp\" \/>\n\t<meta property=\"og:image:width\" content=\"1024\" \/>\n\t<meta property=\"og:image:height\" content=\"1024\" \/>\n\t<meta property=\"og:image:type\" content=\"image\/webp\" \/>\n<meta name=\"twitter:card\" content=\"summary_large_image\" \/>\n<meta name=\"twitter:label1\" content=\"Dur\u00e9e de lecture estim\u00e9e\" \/>\n\t<meta name=\"twitter:data1\" content=\"1 minute\" \/>\n<script type=\"application\/ld+json\" class=\"yoast-schema-graph\">{\"@context\":\"https:\/\/schema.org\",\"@graph\":[{\"@type\":\"WebPage\",\"@id\":\"https:\/\/takelakaroa.mg\/produit\/kintana-mamiratra\/\",\"url\":\"https:\/\/takelakaroa.mg\/produit\/kintana-mamiratra\/\",\"name\":\"Kintana Mamiratra - TAKELAKA ROA\",\"isPartOf\":{\"@id\":\"https:\/\/darkred-bat-908940.hostingersite.com\/#website\"},\"primaryImageOfPage\":{\"@id\":\"https:\/\/takelakaroa.mg\/produit\/kintana-mamiratra\/#primaryimage\"},\"image\":{\"@id\":\"https:\/\/takelakaroa.mg\/produit\/kintana-mamiratra\/#primaryimage\"},\"thumbnailUrl\":\"https:\/\/takelakaroa.mg\/wp-content\/uploads\/2026\/01\/indd-KINTANA-23-09-2024.webp\",\"datePublished\":\"2026-01-21T08:19:11+00:00\",\"dateModified\":\"2026-03-05T05:38:38+00:00\",\"breadcrumb\":{\"@id\":\"https:\/\/takelakaroa.mg\/produit\/kintana-mamiratra\/#breadcrumb\"},\"inLanguage\":\"fr-FR\",\"potentialAction\":[{\"@type\":\"ReadAction\",\"target\":[\"https:\/\/takelakaroa.mg\/produit\/kintana-mamiratra\/\"]}]},{\"@type\":\"ImageObject\",\"inLanguage\":\"fr-FR\",\"@id\":\"https:\/\/takelakaroa.mg\/produit\/kintana-mamiratra\/#primaryimage\",\"url\":\"https:\/\/takelakaroa.mg\/wp-content\/uploads\/2026\/01\/indd-KINTANA-23-09-2024.webp\",\"contentUrl\":\"https:\/\/takelakaroa.mg\/wp-content\/uploads\/2026\/01\/indd-KINTANA-23-09-2024.webp\",\"width\":1024,\"height\":1024,\"caption\":\"indd KINTANA 23 09 2024\"},{\"@type\":\"BreadcrumbList\",\"@id\":\"https:\/\/takelakaroa.mg\/produit\/kintana-mamiratra\/#breadcrumb\",\"itemListElement\":[{\"@type\":\"ListItem\",\"position\":1,\"name\":\"Accueil\",\"item\":\"https:\/\/takelakaroa.mg\/\"},{\"@type\":\"ListItem\",\"position\":2,\"name\":\"Produits\",\"item\":\"https:\/\/darkred-bat-908940.hostingersite.com\/boutique\/\"},{\"@type\":\"ListItem\",\"position\":3,\"name\":\"Kintana Mamiratra\"}]},{\"@type\":\"WebSite\",\"@id\":\"https:\/\/darkred-bat-908940.hostingersite.com\/#website\",\"url\":\"https:\/\/darkred-bat-908940.hostingersite.com\/\",\"name\":\"TAKELAKA ROA\",\"description\":\"Plateforme num\u00e9rique de commercialisation et de valorisation de livre jeunesse bilingue\",\"publisher\":{\"@id\":\"https:\/\/darkred-bat-908940.hostingersite.com\/#organization\"},\"potentialAction\":[{\"@type\":\"SearchAction\",\"target\":{\"@type\":\"EntryPoint\",\"urlTemplate\":\"https:\/\/darkred-bat-908940.hostingersite.com\/?s={search_term_string}\"},\"query-input\":{\"@type\":\"PropertyValueSpecification\",\"valueRequired\":true,\"valueName\":\"search_term_string\"}}],\"inLanguage\":\"fr-FR\"},{\"@type\":\"Organization\",\"@id\":\"https:\/\/darkred-bat-908940.hostingersite.com\/#organization\",\"name\":\"TAKELAKA ROA\",\"url\":\"https:\/\/darkred-bat-908940.hostingersite.com\/\",\"logo\":{\"@type\":\"ImageObject\",\"inLanguage\":\"fr-FR\",\"@id\":\"https:\/\/darkred-bat-908940.hostingersite.com\/#\/schema\/logo\/image\/\",\"url\":\"https:\/\/takelakaroa.mg\/wp-content\/uploads\/2026\/01\/cropped-Logo-TAKELAKA-ROA-VF-1.webp\",\"contentUrl\":\"https:\/\/takelakaroa.mg\/wp-content\/uploads\/2026\/01\/cropped-Logo-TAKELAKA-ROA-VF-1.webp\",\"width\":913,\"height\":912,\"caption\":\"TAKELAKA ROA\"},\"image\":{\"@id\":\"https:\/\/darkred-bat-908940.hostingersite.com\/#\/schema\/logo\/image\/\"}}]}<\/script>\n<!-- \/ Yoast SEO plugin. -->","yoast_head_json":{"title":"Kintana Mamiratra - TAKELAKA ROA","robots":{"index":"index","follow":"follow","max-snippet":"max-snippet:-1","max-image-preview":"max-image-preview:large","max-video-preview":"max-video-preview:-1"},"canonical":"https:\/\/takelakaroa.mg\/fr\/produit\/kintana-mamiratra\/","og_locale":"fr_FR","og_type":"article","og_title":"Kintana Mamiratra - TAKELAKA ROA","og_description":"\u00ab\u00a0L\u2019histoire de Kintana Mamiratra est celle d\u2019une petite fille qui a perdu son papa. A travers une belle petite chanson \u00e9crite pour elle, elle poursuit sa vie et suit le chemin que son p\u00e8re imaginait pour elle. QR Code \u00e0 scanner pour \u00e9couter la berceuse Kintana Mamiratra Jeu chercher et trouver \u00e0 travers le livre [&hellip;]","og_url":"https:\/\/takelakaroa.mg\/fr\/produit\/kintana-mamiratra\/","og_site_name":"TAKELAKA ROA","article_modified_time":"2026-03-05T05:38:38+00:00","og_image":[{"width":1024,"height":1024,"url":"https:\/\/takelakaroa.mg\/wp-content\/uploads\/2026\/01\/indd-KINTANA-23-09-2024.webp","type":"image\/webp"}],"twitter_card":"summary_large_image","twitter_misc":{"Dur\u00e9e de lecture estim\u00e9e":"1 minute"},"schema":{"@context":"https:\/\/schema.org","@graph":[{"@type":"WebPage","@id":"https:\/\/takelakaroa.mg\/produit\/kintana-mamiratra\/","url":"https:\/\/takelakaroa.mg\/produit\/kintana-mamiratra\/","name":"Kintana Mamiratra - TAKELAKA ROA","isPartOf":{"@id":"https:\/\/darkred-bat-908940.hostingersite.com\/#website"},"primaryImageOfPage":{"@id":"https:\/\/takelakaroa.mg\/produit\/kintana-mamiratra\/#primaryimage"},"image":{"@id":"https:\/\/takelakaroa.mg\/produit\/kintana-mamiratra\/#primaryimage"},"thumbnailUrl":"https:\/\/takelakaroa.mg\/wp-content\/uploads\/2026\/01\/indd-KINTANA-23-09-2024.webp","datePublished":"2026-01-21T08:19:11+00:00","dateModified":"2026-03-05T05:38:38+00:00","breadcrumb":{"@id":"https:\/\/takelakaroa.mg\/produit\/kintana-mamiratra\/#breadcrumb"},"inLanguage":"fr-FR","potentialAction":[{"@type":"ReadAction","target":["https:\/\/takelakaroa.mg\/produit\/kintana-mamiratra\/"]}]},{"@type":"ImageObject","inLanguage":"fr-FR","@id":"https:\/\/takelakaroa.mg\/produit\/kintana-mamiratra\/#primaryimage","url":"https:\/\/takelakaroa.mg\/wp-content\/uploads\/2026\/01\/indd-KINTANA-23-09-2024.webp","contentUrl":"https:\/\/takelakaroa.mg\/wp-content\/uploads\/2026\/01\/indd-KINTANA-23-09-2024.webp","width":1024,"height":1024,"caption":"indd KINTANA 23 09 2024"},{"@type":"BreadcrumbList","@id":"https:\/\/takelakaroa.mg\/produit\/kintana-mamiratra\/#breadcrumb","itemListElement":[{"@type":"ListItem","position":1,"name":"Accueil","item":"https:\/\/takelakaroa.mg\/"},{"@type":"ListItem","position":2,"name":"Produits","item":"https:\/\/darkred-bat-908940.hostingersite.com\/boutique\/"},{"@type":"ListItem","position":3,"name":"Kintana Mamiratra"}]},{"@type":"WebSite","@id":"https:\/\/darkred-bat-908940.hostingersite.com\/#website","url":"https:\/\/darkred-bat-908940.hostingersite.com\/","name":"TAKELAKA ROA","description":"Plateforme num\u00e9rique de commercialisation et de valorisation de livre jeunesse bilingue","publisher":{"@id":"https:\/\/darkred-bat-908940.hostingersite.com\/#organization"},"potentialAction":[{"@type":"SearchAction","target":{"@type":"EntryPoint","urlTemplate":"https:\/\/darkred-bat-908940.hostingersite.com\/?s={search_term_string}"},"query-input":{"@type":"PropertyValueSpecification","valueRequired":true,"valueName":"search_term_string"}}],"inLanguage":"fr-FR"},{"@type":"Organization","@id":"https:\/\/darkred-bat-908940.hostingersite.com\/#organization","name":"TAKELAKA ROA","url":"https:\/\/darkred-bat-908940.hostingersite.com\/","logo":{"@type":"ImageObject","inLanguage":"fr-FR","@id":"https:\/\/darkred-bat-908940.hostingersite.com\/#\/schema\/logo\/image\/","url":"https:\/\/takelakaroa.mg\/wp-content\/uploads\/2026\/01\/cropped-Logo-TAKELAKA-ROA-VF-1.webp","contentUrl":"https:\/\/takelakaroa.mg\/wp-content\/uploads\/2026\/01\/cropped-Logo-TAKELAKA-ROA-VF-1.webp","width":913,"height":912,"caption":"TAKELAKA ROA"},"image":{"@id":"https:\/\/darkred-bat-908940.hostingersite.com\/#\/schema\/logo\/image\/"}}]}},"_links":{"self":[{"href":"https:\/\/takelakaroa.mg\/fr\/wp-json\/wp\/v2\/product\/96","targetHints":{"allow":["GET"]}}],"collection":[{"href":"https:\/\/takelakaroa.mg\/fr\/wp-json\/wp\/v2\/product"}],"about":[{"href":"https:\/\/takelakaroa.mg\/fr\/wp-json\/wp\/v2\/types\/product"}],"replies":[{"embeddable":true,"href":"https:\/\/takelakaroa.mg\/fr\/wp-json\/wp\/v2\/comments?post=96"}],"wp:featuredmedia":[{"embeddable":true,"href":"https:\/\/takelakaroa.mg\/fr\/wp-json\/wp\/v2\/media\/89"}],"wp:attachment":[{"href":"https:\/\/takelakaroa.mg\/fr\/wp-json\/wp\/v2\/media?parent=96"}],"wp:term":[{"taxonomy":"product_brand","embeddable":true,"href":"https:\/\/takelakaroa.mg\/fr\/wp-json\/wp\/v2\/product_brand?post=96"},{"taxonomy":"product_cat","embeddable":true,"href":"https:\/\/takelakaroa.mg\/fr\/wp-json\/wp\/v2\/product_cat?post=96"},{"taxonomy":"product_tag","embeddable":true,"href":"https:\/\/takelakaroa.mg\/fr\/wp-json\/wp\/v2\/product_tag?post=96"}],"curies":[{"name":"wp","href":"https:\/\/api.w.org\/{rel}","templated":true}]}}