{"id":95,"date":"2026-01-21T08:16:14","date_gmt":"2026-01-21T08:16:14","guid":{"rendered":"https:\/\/darkred-bat-908940.hostingersite.com\/?post_type=product&#038;p=95"},"modified":"2026-03-04T13:54:55","modified_gmt":"2026-03-04T13:54:55","slug":"la-virgule-rebelle-ilay-faingo-nitsoaka","status":"publish","type":"product","link":"https:\/\/takelakaroa.mg\/fr\/produit\/la-virgule-rebelle-ilay-faingo-nitsoaka\/","title":{"rendered":"La Virgule rebelle \/ Ilay faingo nitsoaka"},"content":{"rendered":"<p>Une virgule rebelle s\u2019\u00e9chappe de sa phrase d\u2019origine. Cette histoire est l\u2019occasion r\u00eav\u00e9e pour initier les plus petits \u00e0 la compr\u00e9hension des ponctuations. La Virgule est un personnage vivant qui interagit avec d\u2019autres ponctuations comme le point d\u2019interrogation ou le point d\u2019exclamation.Ce livre contient un mini coloriage de 4 pages<\/p>\n","protected":false},"excerpt":{"rendered":"<p>Une virgule rebelle s\u2019\u00e9chappe de sa phrase d\u2019origine. Cette histoire est l\u2019occasion r\u00eav\u00e9e pour initier les plus petits \u00e0 la compr\u00e9hension des ponctuations. La Virgule est un personnage vivant qui interagit avec d\u2019autres ponctuations comme le point d\u2019interrogation ou le point d\u2019exclamation.Ce livre contient un mini coloriage de 4 pages<\/p>\n","protected":false},"featured_media":91,"comment_status":"open","ping_status":"closed","template":"","meta":[],"product_brand":[],"product_cat":[49,48],"product_tag":[],"class_list":{"0":"post-95","1":"product","2":"type-product","3":"status-publish","4":"has-post-thumbnail","6":"product_cat-developpement-personnel","7":"product_cat-estime-de-soi","9":"first","10":"instock","11":"purchasable","12":"product-type-simple"},"yoast_head":"<!-- This site is optimized with the Yoast SEO plugin v27.1.1 - https:\/\/yoast.com\/product\/yoast-seo-wordpress\/ -->\n<title>La Virgule rebelle \/ Ilay faingo nitsoaka - TAKELAKA ROA<\/title>\n<meta name=\"robots\" content=\"index, follow, max-snippet:-1, max-image-preview:large, max-video-preview:-1\" \/>\n<link rel=\"canonical\" href=\"https:\/\/takelakaroa.mg\/fr\/produit\/la-virgule-rebelle-ilay-faingo-nitsoaka\/\" \/>\n<meta property=\"og:locale\" content=\"fr_FR\" \/>\n<meta property=\"og:type\" content=\"article\" \/>\n<meta property=\"og:title\" content=\"La Virgule rebelle \/ Ilay faingo nitsoaka - TAKELAKA ROA\" \/>\n<meta property=\"og:description\" content=\"Une virgule rebelle s\u2019\u00e9chappe de sa phrase d\u2019origine. Cette histoire est l\u2019occasion r\u00eav\u00e9e pour initier les plus petits \u00e0 la compr\u00e9hension des ponctuations. La Virgule est un personnage vivant qui interagit avec d\u2019autres ponctuations comme le point d\u2019interrogation ou le point d\u2019exclamation.Ce livre contient un mini coloriage de 4 pages\" \/>\n<meta property=\"og:url\" content=\"https:\/\/takelakaroa.mg\/fr\/produit\/la-virgule-rebelle-ilay-faingo-nitsoaka\/\" \/>\n<meta property=\"og:site_name\" content=\"TAKELAKA ROA\" \/>\n<meta property=\"article:modified_time\" content=\"2026-03-04T13:54:55+00:00\" \/>\n<meta property=\"og:image\" content=\"https:\/\/takelakaroa.mg\/wp-content\/uploads\/2026\/01\/Couverture_La-Virgule-Rebelle-Copie2.webp\" \/>\n\t<meta property=\"og:image:width\" content=\"1024\" \/>\n\t<meta property=\"og:image:height\" content=\"1024\" \/>\n\t<meta property=\"og:image:type\" content=\"image\/webp\" \/>\n<meta name=\"twitter:card\" content=\"summary_large_image\" \/>\n<meta name=\"twitter:label1\" content=\"Dur\u00e9e de lecture estim\u00e9e\" \/>\n\t<meta name=\"twitter:data1\" content=\"1 minute\" \/>\n<script type=\"application\/ld+json\" class=\"yoast-schema-graph\">{\"@context\":\"https:\/\/schema.org\",\"@graph\":[{\"@type\":\"WebPage\",\"@id\":\"https:\/\/takelakaroa.mg\/produit\/la-virgule-rebelle-ilay-faingo-nitsoaka\/\",\"url\":\"https:\/\/takelakaroa.mg\/produit\/la-virgule-rebelle-ilay-faingo-nitsoaka\/\",\"name\":\"La Virgule rebelle \/ Ilay faingo nitsoaka - TAKELAKA ROA\",\"isPartOf\":{\"@id\":\"https:\/\/darkred-bat-908940.hostingersite.com\/#website\"},\"primaryImageOfPage\":{\"@id\":\"https:\/\/takelakaroa.mg\/produit\/la-virgule-rebelle-ilay-faingo-nitsoaka\/#primaryimage\"},\"image\":{\"@id\":\"https:\/\/takelakaroa.mg\/produit\/la-virgule-rebelle-ilay-faingo-nitsoaka\/#primaryimage\"},\"thumbnailUrl\":\"https:\/\/takelakaroa.mg\/wp-content\/uploads\/2026\/01\/Couverture_La-Virgule-Rebelle-Copie2.webp\",\"datePublished\":\"2026-01-21T08:16:14+00:00\",\"dateModified\":\"2026-03-04T13:54:55+00:00\",\"breadcrumb\":{\"@id\":\"https:\/\/takelakaroa.mg\/produit\/la-virgule-rebelle-ilay-faingo-nitsoaka\/#breadcrumb\"},\"inLanguage\":\"fr-FR\",\"potentialAction\":[{\"@type\":\"ReadAction\",\"target\":[\"https:\/\/takelakaroa.mg\/produit\/la-virgule-rebelle-ilay-faingo-nitsoaka\/\"]}]},{\"@type\":\"ImageObject\",\"inLanguage\":\"fr-FR\",\"@id\":\"https:\/\/takelakaroa.mg\/produit\/la-virgule-rebelle-ilay-faingo-nitsoaka\/#primaryimage\",\"url\":\"https:\/\/takelakaroa.mg\/wp-content\/uploads\/2026\/01\/Couverture_La-Virgule-Rebelle-Copie2.webp\",\"contentUrl\":\"https:\/\/takelakaroa.mg\/wp-content\/uploads\/2026\/01\/Couverture_La-Virgule-Rebelle-Copie2.webp\",\"width\":1024,\"height\":1024,\"caption\":\"Couverture La Virgule Rebelle Copie2\"},{\"@type\":\"BreadcrumbList\",\"@id\":\"https:\/\/takelakaroa.mg\/produit\/la-virgule-rebelle-ilay-faingo-nitsoaka\/#breadcrumb\",\"itemListElement\":[{\"@type\":\"ListItem\",\"position\":1,\"name\":\"Accueil\",\"item\":\"https:\/\/takelakaroa.mg\/\"},{\"@type\":\"ListItem\",\"position\":2,\"name\":\"Produits\",\"item\":\"https:\/\/darkred-bat-908940.hostingersite.com\/boutique\/\"},{\"@type\":\"ListItem\",\"position\":3,\"name\":\"La Virgule rebelle \/ Ilay faingo nitsoaka\"}]},{\"@type\":\"WebSite\",\"@id\":\"https:\/\/darkred-bat-908940.hostingersite.com\/#website\",\"url\":\"https:\/\/darkred-bat-908940.hostingersite.com\/\",\"name\":\"TAKELAKA ROA\",\"description\":\"Plateforme num\u00e9rique de commercialisation et de valorisation de livre jeunesse bilingue\",\"publisher\":{\"@id\":\"https:\/\/darkred-bat-908940.hostingersite.com\/#organization\"},\"potentialAction\":[{\"@type\":\"SearchAction\",\"target\":{\"@type\":\"EntryPoint\",\"urlTemplate\":\"https:\/\/darkred-bat-908940.hostingersite.com\/?s={search_term_string}\"},\"query-input\":{\"@type\":\"PropertyValueSpecification\",\"valueRequired\":true,\"valueName\":\"search_term_string\"}}],\"inLanguage\":\"fr-FR\"},{\"@type\":\"Organization\",\"@id\":\"https:\/\/darkred-bat-908940.hostingersite.com\/#organization\",\"name\":\"TAKELAKA ROA\",\"url\":\"https:\/\/darkred-bat-908940.hostingersite.com\/\",\"logo\":{\"@type\":\"ImageObject\",\"inLanguage\":\"fr-FR\",\"@id\":\"https:\/\/darkred-bat-908940.hostingersite.com\/#\/schema\/logo\/image\/\",\"url\":\"https:\/\/takelakaroa.mg\/wp-content\/uploads\/2026\/01\/cropped-Logo-TAKELAKA-ROA-VF-1.webp\",\"contentUrl\":\"https:\/\/takelakaroa.mg\/wp-content\/uploads\/2026\/01\/cropped-Logo-TAKELAKA-ROA-VF-1.webp\",\"width\":913,\"height\":912,\"caption\":\"TAKELAKA ROA\"},\"image\":{\"@id\":\"https:\/\/darkred-bat-908940.hostingersite.com\/#\/schema\/logo\/image\/\"}}]}<\/script>\n<!-- \/ Yoast SEO plugin. -->","yoast_head_json":{"title":"La Virgule rebelle \/ Ilay faingo nitsoaka - TAKELAKA ROA","robots":{"index":"index","follow":"follow","max-snippet":"max-snippet:-1","max-image-preview":"max-image-preview:large","max-video-preview":"max-video-preview:-1"},"canonical":"https:\/\/takelakaroa.mg\/fr\/produit\/la-virgule-rebelle-ilay-faingo-nitsoaka\/","og_locale":"fr_FR","og_type":"article","og_title":"La Virgule rebelle \/ Ilay faingo nitsoaka - TAKELAKA ROA","og_description":"Une virgule rebelle s\u2019\u00e9chappe de sa phrase d\u2019origine. Cette histoire est l\u2019occasion r\u00eav\u00e9e pour initier les plus petits \u00e0 la compr\u00e9hension des ponctuations. La Virgule est un personnage vivant qui interagit avec d\u2019autres ponctuations comme le point d\u2019interrogation ou le point d\u2019exclamation.Ce livre contient un mini coloriage de 4 pages","og_url":"https:\/\/takelakaroa.mg\/fr\/produit\/la-virgule-rebelle-ilay-faingo-nitsoaka\/","og_site_name":"TAKELAKA ROA","article_modified_time":"2026-03-04T13:54:55+00:00","og_image":[{"width":1024,"height":1024,"url":"https:\/\/takelakaroa.mg\/wp-content\/uploads\/2026\/01\/Couverture_La-Virgule-Rebelle-Copie2.webp","type":"image\/webp"}],"twitter_card":"summary_large_image","twitter_misc":{"Dur\u00e9e de lecture estim\u00e9e":"1 minute"},"schema":{"@context":"https:\/\/schema.org","@graph":[{"@type":"WebPage","@id":"https:\/\/takelakaroa.mg\/produit\/la-virgule-rebelle-ilay-faingo-nitsoaka\/","url":"https:\/\/takelakaroa.mg\/produit\/la-virgule-rebelle-ilay-faingo-nitsoaka\/","name":"La Virgule rebelle \/ Ilay faingo nitsoaka - TAKELAKA ROA","isPartOf":{"@id":"https:\/\/darkred-bat-908940.hostingersite.com\/#website"},"primaryImageOfPage":{"@id":"https:\/\/takelakaroa.mg\/produit\/la-virgule-rebelle-ilay-faingo-nitsoaka\/#primaryimage"},"image":{"@id":"https:\/\/takelakaroa.mg\/produit\/la-virgule-rebelle-ilay-faingo-nitsoaka\/#primaryimage"},"thumbnailUrl":"https:\/\/takelakaroa.mg\/wp-content\/uploads\/2026\/01\/Couverture_La-Virgule-Rebelle-Copie2.webp","datePublished":"2026-01-21T08:16:14+00:00","dateModified":"2026-03-04T13:54:55+00:00","breadcrumb":{"@id":"https:\/\/takelakaroa.mg\/produit\/la-virgule-rebelle-ilay-faingo-nitsoaka\/#breadcrumb"},"inLanguage":"fr-FR","potentialAction":[{"@type":"ReadAction","target":["https:\/\/takelakaroa.mg\/produit\/la-virgule-rebelle-ilay-faingo-nitsoaka\/"]}]},{"@type":"ImageObject","inLanguage":"fr-FR","@id":"https:\/\/takelakaroa.mg\/produit\/la-virgule-rebelle-ilay-faingo-nitsoaka\/#primaryimage","url":"https:\/\/takelakaroa.mg\/wp-content\/uploads\/2026\/01\/Couverture_La-Virgule-Rebelle-Copie2.webp","contentUrl":"https:\/\/takelakaroa.mg\/wp-content\/uploads\/2026\/01\/Couverture_La-Virgule-Rebelle-Copie2.webp","width":1024,"height":1024,"caption":"Couverture La Virgule Rebelle Copie2"},{"@type":"BreadcrumbList","@id":"https:\/\/takelakaroa.mg\/produit\/la-virgule-rebelle-ilay-faingo-nitsoaka\/#breadcrumb","itemListElement":[{"@type":"ListItem","position":1,"name":"Accueil","item":"https:\/\/takelakaroa.mg\/"},{"@type":"ListItem","position":2,"name":"Produits","item":"https:\/\/darkred-bat-908940.hostingersite.com\/boutique\/"},{"@type":"ListItem","position":3,"name":"La Virgule rebelle \/ Ilay faingo nitsoaka"}]},{"@type":"WebSite","@id":"https:\/\/darkred-bat-908940.hostingersite.com\/#website","url":"https:\/\/darkred-bat-908940.hostingersite.com\/","name":"TAKELAKA ROA","description":"Plateforme num\u00e9rique de commercialisation et de valorisation de livre jeunesse bilingue","publisher":{"@id":"https:\/\/darkred-bat-908940.hostingersite.com\/#organization"},"potentialAction":[{"@type":"SearchAction","target":{"@type":"EntryPoint","urlTemplate":"https:\/\/darkred-bat-908940.hostingersite.com\/?s={search_term_string}"},"query-input":{"@type":"PropertyValueSpecification","valueRequired":true,"valueName":"search_term_string"}}],"inLanguage":"fr-FR"},{"@type":"Organization","@id":"https:\/\/darkred-bat-908940.hostingersite.com\/#organization","name":"TAKELAKA ROA","url":"https:\/\/darkred-bat-908940.hostingersite.com\/","logo":{"@type":"ImageObject","inLanguage":"fr-FR","@id":"https:\/\/darkred-bat-908940.hostingersite.com\/#\/schema\/logo\/image\/","url":"https:\/\/takelakaroa.mg\/wp-content\/uploads\/2026\/01\/cropped-Logo-TAKELAKA-ROA-VF-1.webp","contentUrl":"https:\/\/takelakaroa.mg\/wp-content\/uploads\/2026\/01\/cropped-Logo-TAKELAKA-ROA-VF-1.webp","width":913,"height":912,"caption":"TAKELAKA ROA"},"image":{"@id":"https:\/\/darkred-bat-908940.hostingersite.com\/#\/schema\/logo\/image\/"}}]}},"_links":{"self":[{"href":"https:\/\/takelakaroa.mg\/fr\/wp-json\/wp\/v2\/product\/95","targetHints":{"allow":["GET"]}}],"collection":[{"href":"https:\/\/takelakaroa.mg\/fr\/wp-json\/wp\/v2\/product"}],"about":[{"href":"https:\/\/takelakaroa.mg\/fr\/wp-json\/wp\/v2\/types\/product"}],"replies":[{"embeddable":true,"href":"https:\/\/takelakaroa.mg\/fr\/wp-json\/wp\/v2\/comments?post=95"}],"wp:featuredmedia":[{"embeddable":true,"href":"https:\/\/takelakaroa.mg\/fr\/wp-json\/wp\/v2\/media\/91"}],"wp:attachment":[{"href":"https:\/\/takelakaroa.mg\/fr\/wp-json\/wp\/v2\/media?parent=95"}],"wp:term":[{"taxonomy":"product_brand","embeddable":true,"href":"https:\/\/takelakaroa.mg\/fr\/wp-json\/wp\/v2\/product_brand?post=95"},{"taxonomy":"product_cat","embeddable":true,"href":"https:\/\/takelakaroa.mg\/fr\/wp-json\/wp\/v2\/product_cat?post=95"},{"taxonomy":"product_tag","embeddable":true,"href":"https:\/\/takelakaroa.mg\/fr\/wp-json\/wp\/v2\/product_tag?post=95"}],"curies":[{"name":"wp","href":"https:\/\/api.w.org\/{rel}","templated":true}]}}