{"id":88,"date":"2026-01-21T08:06:06","date_gmt":"2026-01-21T08:06:06","guid":{"rendered":"https:\/\/darkred-bat-908940.hostingersite.com\/?post_type=product&#038;p=88"},"modified":"2026-03-06T06:52:52","modified_gmt":"2026-03-06T06:52:52","slug":"a-quoi-ca-sert-les-filles-ankizivavy-ve","status":"publish","type":"product","link":"https:\/\/takelakaroa.mg\/fr\/produit\/a-quoi-ca-sert-les-filles-ankizivavy-ve\/","title":{"rendered":"A quoi \u00e7a sert les filles ? \/ Ankizivavy ve ?"},"content":{"rendered":"<p>Pour ce jeune gar\u00e7on, l\u2019arriv\u00e9e de sa petite soeur semble marquer la fin du monde, car elle laisse de vrais d\u00e9g\u00e2ts dans toute la maison. Frustr\u00e9, il finit par se demander \u00e0 quoi \u00e7a sert les filles ? Ce livre lui offrira toutes les r\u00e9ponses \u00e0 travers un documentaire incrust\u00e9 sur 4 figures f\u00e9minines fortes. Les lecteurs pourront d\u00e9couvrir les mini biographies de Miriam Makeba (chanteuse sud-africaine), Gis\u00e8le Rabesahala (femme politique), Alice Milliat (Fondatrice des JO f\u00e9minins), Katherine Johnson (ing\u00e9nieure spatiale am\u00e9ricaine)<\/p>\n","protected":false},"excerpt":{"rendered":"<p>Pour ce jeune gar\u00e7on, l\u2019arriv\u00e9e de sa petite soeur semble marquer la fin du monde, car elle laisse de vrais d\u00e9g\u00e2ts dans toute la maison. Frustr\u00e9, il finit par se demander \u00e0 quoi \u00e7a sert les filles ? Ce livre lui offrira toutes les r\u00e9ponses \u00e0 travers un documentaire incrust\u00e9 sur 4 figures f\u00e9minines fortes. [&hellip;]<\/p>\n","protected":false},"featured_media":90,"comment_status":"open","ping_status":"closed","template":"","meta":[],"product_brand":[],"product_cat":[17,18],"product_tag":[37],"class_list":{"0":"post-88","1":"product","2":"type-product","3":"status-publish","4":"has-post-thumbnail","6":"product_cat-genre","7":"product_cat-parite","8":"product_tag-nouveaute","10":"first","11":"instock","12":"taxable","13":"shipping-taxable","14":"purchasable","15":"product-type-simple"},"yoast_head":"<!-- This site is optimized with the Yoast SEO plugin v27.1.1 - https:\/\/yoast.com\/product\/yoast-seo-wordpress\/ -->\n<title>A quoi \u00e7a sert les filles ? \/ Ankizivavy ve ? - TAKELAKA ROA<\/title>\n<meta name=\"robots\" content=\"index, follow, max-snippet:-1, max-image-preview:large, max-video-preview:-1\" \/>\n<link rel=\"canonical\" href=\"https:\/\/takelakaroa.mg\/fr\/produit\/a-quoi-ca-sert-les-filles-ankizivavy-ve\/\" \/>\n<meta property=\"og:locale\" content=\"fr_FR\" \/>\n<meta property=\"og:type\" content=\"article\" \/>\n<meta property=\"og:title\" content=\"A quoi \u00e7a sert les filles ? \/ Ankizivavy ve ? - TAKELAKA ROA\" \/>\n<meta property=\"og:description\" content=\"Pour ce jeune gar\u00e7on, l\u2019arriv\u00e9e de sa petite soeur semble marquer la fin du monde, car elle laisse de vrais d\u00e9g\u00e2ts dans toute la maison. Frustr\u00e9, il finit par se demander \u00e0 quoi \u00e7a sert les filles ? Ce livre lui offrira toutes les r\u00e9ponses \u00e0 travers un documentaire incrust\u00e9 sur 4 figures f\u00e9minines fortes. [&hellip;]\" \/>\n<meta property=\"og:url\" content=\"https:\/\/takelakaroa.mg\/fr\/produit\/a-quoi-ca-sert-les-filles-ankizivavy-ve\/\" \/>\n<meta property=\"og:site_name\" content=\"TAKELAKA ROA\" \/>\n<meta property=\"article:modified_time\" content=\"2026-03-06T06:52:52+00:00\" \/>\n<meta property=\"og:image\" content=\"https:\/\/takelakaroa.mg\/wp-content\/uploads\/2026\/01\/Couverture-A-quoi-ca-sert-les-filles-Ankizivavy-ve.webp\" \/>\n\t<meta property=\"og:image:width\" content=\"1024\" \/>\n\t<meta property=\"og:image:height\" content=\"1421\" \/>\n\t<meta property=\"og:image:type\" content=\"image\/webp\" \/>\n<meta name=\"twitter:card\" content=\"summary_large_image\" \/>\n<meta name=\"twitter:label1\" content=\"Dur\u00e9e de lecture estim\u00e9e\" \/>\n\t<meta name=\"twitter:data1\" content=\"1 minute\" \/>\n<script type=\"application\/ld+json\" class=\"yoast-schema-graph\">{\"@context\":\"https:\/\/schema.org\",\"@graph\":[{\"@type\":\"WebPage\",\"@id\":\"https:\/\/takelakaroa.mg\/produit\/a-quoi-ca-sert-les-filles-ankizivavy-ve\/\",\"url\":\"https:\/\/takelakaroa.mg\/produit\/a-quoi-ca-sert-les-filles-ankizivavy-ve\/\",\"name\":\"A quoi \u00e7a sert les filles ? \/ Ankizivavy ve ? - TAKELAKA ROA\",\"isPartOf\":{\"@id\":\"https:\/\/darkred-bat-908940.hostingersite.com\/#website\"},\"primaryImageOfPage\":{\"@id\":\"https:\/\/takelakaroa.mg\/produit\/a-quoi-ca-sert-les-filles-ankizivavy-ve\/#primaryimage\"},\"image\":{\"@id\":\"https:\/\/takelakaroa.mg\/produit\/a-quoi-ca-sert-les-filles-ankizivavy-ve\/#primaryimage\"},\"thumbnailUrl\":\"https:\/\/takelakaroa.mg\/wp-content\/uploads\/2026\/01\/Couverture-A-quoi-ca-sert-les-filles-Ankizivavy-ve.webp\",\"datePublished\":\"2026-01-21T08:06:06+00:00\",\"dateModified\":\"2026-03-06T06:52:52+00:00\",\"breadcrumb\":{\"@id\":\"https:\/\/takelakaroa.mg\/produit\/a-quoi-ca-sert-les-filles-ankizivavy-ve\/#breadcrumb\"},\"inLanguage\":\"fr-FR\",\"potentialAction\":[{\"@type\":\"ReadAction\",\"target\":[\"https:\/\/takelakaroa.mg\/produit\/a-quoi-ca-sert-les-filles-ankizivavy-ve\/\"]}]},{\"@type\":\"ImageObject\",\"inLanguage\":\"fr-FR\",\"@id\":\"https:\/\/takelakaroa.mg\/produit\/a-quoi-ca-sert-les-filles-ankizivavy-ve\/#primaryimage\",\"url\":\"https:\/\/takelakaroa.mg\/wp-content\/uploads\/2026\/01\/Couverture-A-quoi-ca-sert-les-filles-Ankizivavy-ve.webp\",\"contentUrl\":\"https:\/\/takelakaroa.mg\/wp-content\/uploads\/2026\/01\/Couverture-A-quoi-ca-sert-les-filles-Ankizivavy-ve.webp\",\"width\":1024,\"height\":1421,\"caption\":\"Couverture A quoi \u00e7a sert les filles Ankizivavy ve\"},{\"@type\":\"BreadcrumbList\",\"@id\":\"https:\/\/takelakaroa.mg\/produit\/a-quoi-ca-sert-les-filles-ankizivavy-ve\/#breadcrumb\",\"itemListElement\":[{\"@type\":\"ListItem\",\"position\":1,\"name\":\"Accueil\",\"item\":\"https:\/\/takelakaroa.mg\/\"},{\"@type\":\"ListItem\",\"position\":2,\"name\":\"Produits\",\"item\":\"https:\/\/darkred-bat-908940.hostingersite.com\/boutique\/\"},{\"@type\":\"ListItem\",\"position\":3,\"name\":\"A quoi \u00e7a sert les filles ? \/ Ankizivavy ve ?\"}]},{\"@type\":\"WebSite\",\"@id\":\"https:\/\/darkred-bat-908940.hostingersite.com\/#website\",\"url\":\"https:\/\/darkred-bat-908940.hostingersite.com\/\",\"name\":\"TAKELAKA ROA\",\"description\":\"Plateforme num\u00e9rique de commercialisation et de valorisation de livre jeunesse bilingue\",\"publisher\":{\"@id\":\"https:\/\/darkred-bat-908940.hostingersite.com\/#organization\"},\"potentialAction\":[{\"@type\":\"SearchAction\",\"target\":{\"@type\":\"EntryPoint\",\"urlTemplate\":\"https:\/\/darkred-bat-908940.hostingersite.com\/?s={search_term_string}\"},\"query-input\":{\"@type\":\"PropertyValueSpecification\",\"valueRequired\":true,\"valueName\":\"search_term_string\"}}],\"inLanguage\":\"fr-FR\"},{\"@type\":\"Organization\",\"@id\":\"https:\/\/darkred-bat-908940.hostingersite.com\/#organization\",\"name\":\"TAKELAKA ROA\",\"url\":\"https:\/\/darkred-bat-908940.hostingersite.com\/\",\"logo\":{\"@type\":\"ImageObject\",\"inLanguage\":\"fr-FR\",\"@id\":\"https:\/\/darkred-bat-908940.hostingersite.com\/#\/schema\/logo\/image\/\",\"url\":\"https:\/\/takelakaroa.mg\/wp-content\/uploads\/2026\/01\/cropped-Logo-TAKELAKA-ROA-VF-1.webp\",\"contentUrl\":\"https:\/\/takelakaroa.mg\/wp-content\/uploads\/2026\/01\/cropped-Logo-TAKELAKA-ROA-VF-1.webp\",\"width\":913,\"height\":912,\"caption\":\"TAKELAKA ROA\"},\"image\":{\"@id\":\"https:\/\/darkred-bat-908940.hostingersite.com\/#\/schema\/logo\/image\/\"}}]}<\/script>\n<!-- \/ Yoast SEO plugin. -->","yoast_head_json":{"title":"A quoi \u00e7a sert les filles ? \/ Ankizivavy ve ? - TAKELAKA ROA","robots":{"index":"index","follow":"follow","max-snippet":"max-snippet:-1","max-image-preview":"max-image-preview:large","max-video-preview":"max-video-preview:-1"},"canonical":"https:\/\/takelakaroa.mg\/fr\/produit\/a-quoi-ca-sert-les-filles-ankizivavy-ve\/","og_locale":"fr_FR","og_type":"article","og_title":"A quoi \u00e7a sert les filles ? \/ Ankizivavy ve ? - TAKELAKA ROA","og_description":"Pour ce jeune gar\u00e7on, l\u2019arriv\u00e9e de sa petite soeur semble marquer la fin du monde, car elle laisse de vrais d\u00e9g\u00e2ts dans toute la maison. Frustr\u00e9, il finit par se demander \u00e0 quoi \u00e7a sert les filles ? Ce livre lui offrira toutes les r\u00e9ponses \u00e0 travers un documentaire incrust\u00e9 sur 4 figures f\u00e9minines fortes. [&hellip;]","og_url":"https:\/\/takelakaroa.mg\/fr\/produit\/a-quoi-ca-sert-les-filles-ankizivavy-ve\/","og_site_name":"TAKELAKA ROA","article_modified_time":"2026-03-06T06:52:52+00:00","og_image":[{"width":1024,"height":1421,"url":"https:\/\/takelakaroa.mg\/wp-content\/uploads\/2026\/01\/Couverture-A-quoi-ca-sert-les-filles-Ankizivavy-ve.webp","type":"image\/webp"}],"twitter_card":"summary_large_image","twitter_misc":{"Dur\u00e9e de lecture estim\u00e9e":"1 minute"},"schema":{"@context":"https:\/\/schema.org","@graph":[{"@type":"WebPage","@id":"https:\/\/takelakaroa.mg\/produit\/a-quoi-ca-sert-les-filles-ankizivavy-ve\/","url":"https:\/\/takelakaroa.mg\/produit\/a-quoi-ca-sert-les-filles-ankizivavy-ve\/","name":"A quoi \u00e7a sert les filles ? \/ Ankizivavy ve ? - TAKELAKA ROA","isPartOf":{"@id":"https:\/\/darkred-bat-908940.hostingersite.com\/#website"},"primaryImageOfPage":{"@id":"https:\/\/takelakaroa.mg\/produit\/a-quoi-ca-sert-les-filles-ankizivavy-ve\/#primaryimage"},"image":{"@id":"https:\/\/takelakaroa.mg\/produit\/a-quoi-ca-sert-les-filles-ankizivavy-ve\/#primaryimage"},"thumbnailUrl":"https:\/\/takelakaroa.mg\/wp-content\/uploads\/2026\/01\/Couverture-A-quoi-ca-sert-les-filles-Ankizivavy-ve.webp","datePublished":"2026-01-21T08:06:06+00:00","dateModified":"2026-03-06T06:52:52+00:00","breadcrumb":{"@id":"https:\/\/takelakaroa.mg\/produit\/a-quoi-ca-sert-les-filles-ankizivavy-ve\/#breadcrumb"},"inLanguage":"fr-FR","potentialAction":[{"@type":"ReadAction","target":["https:\/\/takelakaroa.mg\/produit\/a-quoi-ca-sert-les-filles-ankizivavy-ve\/"]}]},{"@type":"ImageObject","inLanguage":"fr-FR","@id":"https:\/\/takelakaroa.mg\/produit\/a-quoi-ca-sert-les-filles-ankizivavy-ve\/#primaryimage","url":"https:\/\/takelakaroa.mg\/wp-content\/uploads\/2026\/01\/Couverture-A-quoi-ca-sert-les-filles-Ankizivavy-ve.webp","contentUrl":"https:\/\/takelakaroa.mg\/wp-content\/uploads\/2026\/01\/Couverture-A-quoi-ca-sert-les-filles-Ankizivavy-ve.webp","width":1024,"height":1421,"caption":"Couverture A quoi \u00e7a sert les filles Ankizivavy ve"},{"@type":"BreadcrumbList","@id":"https:\/\/takelakaroa.mg\/produit\/a-quoi-ca-sert-les-filles-ankizivavy-ve\/#breadcrumb","itemListElement":[{"@type":"ListItem","position":1,"name":"Accueil","item":"https:\/\/takelakaroa.mg\/"},{"@type":"ListItem","position":2,"name":"Produits","item":"https:\/\/darkred-bat-908940.hostingersite.com\/boutique\/"},{"@type":"ListItem","position":3,"name":"A quoi \u00e7a sert les filles ? \/ Ankizivavy ve ?"}]},{"@type":"WebSite","@id":"https:\/\/darkred-bat-908940.hostingersite.com\/#website","url":"https:\/\/darkred-bat-908940.hostingersite.com\/","name":"TAKELAKA ROA","description":"Plateforme num\u00e9rique de commercialisation et de valorisation de livre jeunesse bilingue","publisher":{"@id":"https:\/\/darkred-bat-908940.hostingersite.com\/#organization"},"potentialAction":[{"@type":"SearchAction","target":{"@type":"EntryPoint","urlTemplate":"https:\/\/darkred-bat-908940.hostingersite.com\/?s={search_term_string}"},"query-input":{"@type":"PropertyValueSpecification","valueRequired":true,"valueName":"search_term_string"}}],"inLanguage":"fr-FR"},{"@type":"Organization","@id":"https:\/\/darkred-bat-908940.hostingersite.com\/#organization","name":"TAKELAKA ROA","url":"https:\/\/darkred-bat-908940.hostingersite.com\/","logo":{"@type":"ImageObject","inLanguage":"fr-FR","@id":"https:\/\/darkred-bat-908940.hostingersite.com\/#\/schema\/logo\/image\/","url":"https:\/\/takelakaroa.mg\/wp-content\/uploads\/2026\/01\/cropped-Logo-TAKELAKA-ROA-VF-1.webp","contentUrl":"https:\/\/takelakaroa.mg\/wp-content\/uploads\/2026\/01\/cropped-Logo-TAKELAKA-ROA-VF-1.webp","width":913,"height":912,"caption":"TAKELAKA ROA"},"image":{"@id":"https:\/\/darkred-bat-908940.hostingersite.com\/#\/schema\/logo\/image\/"}}]}},"_links":{"self":[{"href":"https:\/\/takelakaroa.mg\/fr\/wp-json\/wp\/v2\/product\/88","targetHints":{"allow":["GET"]}}],"collection":[{"href":"https:\/\/takelakaroa.mg\/fr\/wp-json\/wp\/v2\/product"}],"about":[{"href":"https:\/\/takelakaroa.mg\/fr\/wp-json\/wp\/v2\/types\/product"}],"replies":[{"embeddable":true,"href":"https:\/\/takelakaroa.mg\/fr\/wp-json\/wp\/v2\/comments?post=88"}],"wp:featuredmedia":[{"embeddable":true,"href":"https:\/\/takelakaroa.mg\/fr\/wp-json\/wp\/v2\/media\/90"}],"wp:attachment":[{"href":"https:\/\/takelakaroa.mg\/fr\/wp-json\/wp\/v2\/media?parent=88"}],"wp:term":[{"taxonomy":"product_brand","embeddable":true,"href":"https:\/\/takelakaroa.mg\/fr\/wp-json\/wp\/v2\/product_brand?post=88"},{"taxonomy":"product_cat","embeddable":true,"href":"https:\/\/takelakaroa.mg\/fr\/wp-json\/wp\/v2\/product_cat?post=88"},{"taxonomy":"product_tag","embeddable":true,"href":"https:\/\/takelakaroa.mg\/fr\/wp-json\/wp\/v2\/product_tag?post=88"}],"curies":[{"name":"wp","href":"https:\/\/api.w.org\/{rel}","templated":true}]}}