{"id":9,"date":"2026-01-21T07:03:04","date_gmt":"2026-01-21T07:03:04","guid":{"rendered":"https:\/\/darkred-bat-908940.hostingersite.com\/panier\/"},"modified":"2026-03-11T05:02:54","modified_gmt":"2026-03-11T05:02:54","slug":"panier","status":"publish","type":"page","link":"https:\/\/takelakaroa.mg\/fr\/panier\/","title":{"rendered":"Panier"},"content":{"rendered":"\t\t<div data-elementor-type=\"wp-page\" data-elementor-id=\"9\" class=\"elementor elementor-9\" data-elementor-post-type=\"page\">\n\t\t\t\t<div class=\"elementor-element elementor-element-1f809a5 e-flex e-con-boxed e-con e-parent\" data-id=\"1f809a5\" data-element_type=\"container\" data-e-type=\"container\">\n\t\t\t\t\t<div class=\"e-con-inner\">\n\t\t\t\t<div class=\"elementor-element elementor-element-5754400 elementor-widget elementor-widget-heading\" data-id=\"5754400\" data-element_type=\"widget\" data-e-type=\"widget\" data-widget_type=\"heading.default\">\n\t\t\t\t<div class=\"elementor-widget-container\">\n\t\t\t\t\t<h2 class=\"elementor-heading-title elementor-size-default\">Finalisez votre commande<\/h2>\t\t\t\t<\/div>\n\t\t\t\t<\/div>\n\t\t\t\t\t<\/div>\n\t\t\t\t<\/div>\n\t\t\t\t<\/div>\n\t\t","protected":false},"excerpt":{"rendered":"<p>Finalisez votre commande Supprimer l\u2019\u00e9l\u00e9ment Miniature Produit Prix Quantit\u00e9 Sous-total &times; A quoi \u00e7a sert les filles ? \/ Ankizivavy ve ? 75 000&nbsp;MGA quantit\u00e9 de A quoi \u00e7a sert les filles ? \/ Ankizivavy ve ? 75 000&nbsp;MGA &times; Takelaka boky 52 000&nbsp;MGA quantit\u00e9 de Takelaka boky 52 000&nbsp;MGA &times; Teste MDE 2 000&nbsp;MGA [&hellip;]<\/p>\n","protected":false},"author":1,"featured_media":0,"parent":0,"menu_order":0,"comment_status":"closed","ping_status":"closed","template":"","meta":{"footnotes":""},"class_list":["post-9","page","type-page","status-publish","hentry"],"yoast_head":"<!-- This site is optimized with the Yoast SEO plugin v27.1.1 - https:\/\/yoast.com\/product\/yoast-seo-wordpress\/ -->\n<title>Panier - TAKELAKA ROA<\/title>\n<meta name=\"robots\" content=\"index, follow, max-snippet:-1, max-image-preview:large, max-video-preview:-1\" \/>\n<link rel=\"canonical\" href=\"https:\/\/takelakaroa.mg\/fr\/panier\/\" \/>\n<meta property=\"og:locale\" content=\"fr_FR\" \/>\n<meta property=\"og:type\" content=\"article\" \/>\n<meta property=\"og:title\" content=\"Panier - TAKELAKA ROA\" \/>\n<meta property=\"og:description\" content=\"Finalisez votre commande Supprimer l\u2019\u00e9l\u00e9ment Miniature Produit Prix Quantit\u00e9 Sous-total &times; A quoi \u00e7a sert les filles ? \/ Ankizivavy ve ? 75 000&nbsp;MGA quantit\u00e9 de A quoi \u00e7a sert les filles ? \/ Ankizivavy ve ? 75 000&nbsp;MGA &times; Takelaka boky 52 000&nbsp;MGA quantit\u00e9 de Takelaka boky 52 000&nbsp;MGA &times; Teste MDE 2 000&nbsp;MGA [&hellip;]\" \/>\n<meta property=\"og:url\" content=\"https:\/\/takelakaroa.mg\/fr\/panier\/\" \/>\n<meta property=\"og:site_name\" content=\"TAKELAKA ROA\" \/>\n<meta property=\"article:modified_time\" content=\"2026-03-11T05:02:54+00:00\" \/>\n<meta property=\"og:image\" content=\"https:\/\/takelakaroa.mg\/wp-content\/uploads\/2026\/01\/Couverture-A-quoi-ca-sert-les-filles-Ankizivavy-ve-300x300.webp\" \/>\n<meta name=\"twitter:card\" content=\"summary_large_image\" \/>\n<meta name=\"twitter:label1\" content=\"Dur\u00e9e de lecture estim\u00e9e\" \/>\n\t<meta name=\"twitter:data1\" content=\"1 minute\" \/>\n<script type=\"application\/ld+json\" class=\"yoast-schema-graph\">{\"@context\":\"https:\/\/schema.org\",\"@graph\":[{\"@type\":\"WebPage\",\"@id\":\"https:\/\/takelakaroa.mg\/panier\/\",\"url\":\"https:\/\/takelakaroa.mg\/panier\/\",\"name\":\"Panier - TAKELAKA ROA\",\"isPartOf\":{\"@id\":\"https:\/\/darkred-bat-908940.hostingersite.com\/#website\"},\"primaryImageOfPage\":{\"@id\":\"https:\/\/takelakaroa.mg\/panier\/#primaryimage\"},\"image\":{\"@id\":\"https:\/\/takelakaroa.mg\/panier\/#primaryimage\"},\"thumbnailUrl\":\"https:\/\/takelakaroa.mg\/wp-content\/uploads\/2026\/01\/Couverture-A-quoi-ca-sert-les-filles-Ankizivavy-ve-300x300.webp\",\"datePublished\":\"2026-01-21T07:03:04+00:00\",\"dateModified\":\"2026-03-11T05:02:54+00:00\",\"breadcrumb\":{\"@id\":\"https:\/\/takelakaroa.mg\/panier\/#breadcrumb\"},\"inLanguage\":\"fr-FR\",\"potentialAction\":[{\"@type\":\"ReadAction\",\"target\":[\"https:\/\/takelakaroa.mg\/panier\/\"]}]},{\"@type\":\"ImageObject\",\"inLanguage\":\"fr-FR\",\"@id\":\"https:\/\/takelakaroa.mg\/panier\/#primaryimage\",\"url\":\"https:\/\/takelakaroa.mg\/wp-content\/uploads\/2026\/01\/Couverture-A-quoi-ca-sert-les-filles-Ankizivavy-ve-300x300.webp\",\"contentUrl\":\"https:\/\/takelakaroa.mg\/wp-content\/uploads\/2026\/01\/Couverture-A-quoi-ca-sert-les-filles-Ankizivavy-ve-300x300.webp\"},{\"@type\":\"BreadcrumbList\",\"@id\":\"https:\/\/takelakaroa.mg\/panier\/#breadcrumb\",\"itemListElement\":[{\"@type\":\"ListItem\",\"position\":1,\"name\":\"Accueil\",\"item\":\"https:\/\/takelakaroa.mg\/\"},{\"@type\":\"ListItem\",\"position\":2,\"name\":\"Panier\"}]},{\"@type\":\"WebSite\",\"@id\":\"https:\/\/darkred-bat-908940.hostingersite.com\/#website\",\"url\":\"https:\/\/darkred-bat-908940.hostingersite.com\/\",\"name\":\"TAKELAKA ROA\",\"description\":\"Plateforme num\u00e9rique de commercialisation et de valorisation de livre jeunesse bilingue\",\"publisher\":{\"@id\":\"https:\/\/darkred-bat-908940.hostingersite.com\/#organization\"},\"potentialAction\":[{\"@type\":\"SearchAction\",\"target\":{\"@type\":\"EntryPoint\",\"urlTemplate\":\"https:\/\/darkred-bat-908940.hostingersite.com\/?s={search_term_string}\"},\"query-input\":{\"@type\":\"PropertyValueSpecification\",\"valueRequired\":true,\"valueName\":\"search_term_string\"}}],\"inLanguage\":\"fr-FR\"},{\"@type\":\"Organization\",\"@id\":\"https:\/\/darkred-bat-908940.hostingersite.com\/#organization\",\"name\":\"TAKELAKA ROA\",\"url\":\"https:\/\/darkred-bat-908940.hostingersite.com\/\",\"logo\":{\"@type\":\"ImageObject\",\"inLanguage\":\"fr-FR\",\"@id\":\"https:\/\/darkred-bat-908940.hostingersite.com\/#\/schema\/logo\/image\/\",\"url\":\"https:\/\/takelakaroa.mg\/wp-content\/uploads\/2026\/01\/cropped-Logo-TAKELAKA-ROA-VF-1.webp\",\"contentUrl\":\"https:\/\/takelakaroa.mg\/wp-content\/uploads\/2026\/01\/cropped-Logo-TAKELAKA-ROA-VF-1.webp\",\"width\":913,\"height\":912,\"caption\":\"TAKELAKA ROA\"},\"image\":{\"@id\":\"https:\/\/darkred-bat-908940.hostingersite.com\/#\/schema\/logo\/image\/\"}}]}<\/script>\n<!-- \/ Yoast SEO plugin. -->","yoast_head_json":{"title":"Panier - TAKELAKA ROA","robots":{"index":"index","follow":"follow","max-snippet":"max-snippet:-1","max-image-preview":"max-image-preview:large","max-video-preview":"max-video-preview:-1"},"canonical":"https:\/\/takelakaroa.mg\/fr\/panier\/","og_locale":"fr_FR","og_type":"article","og_title":"Panier - TAKELAKA ROA","og_description":"Finalisez votre commande Supprimer l\u2019\u00e9l\u00e9ment Miniature Produit Prix Quantit\u00e9 Sous-total &times; A quoi \u00e7a sert les filles ? \/ Ankizivavy ve ? 75 000&nbsp;MGA quantit\u00e9 de A quoi \u00e7a sert les filles ? \/ Ankizivavy ve ? 75 000&nbsp;MGA &times; Takelaka boky 52 000&nbsp;MGA quantit\u00e9 de Takelaka boky 52 000&nbsp;MGA &times; Teste MDE 2 000&nbsp;MGA [&hellip;]","og_url":"https:\/\/takelakaroa.mg\/fr\/panier\/","og_site_name":"TAKELAKA ROA","article_modified_time":"2026-03-11T05:02:54+00:00","og_image":[{"url":"https:\/\/takelakaroa.mg\/wp-content\/uploads\/2026\/01\/Couverture-A-quoi-ca-sert-les-filles-Ankizivavy-ve-300x300.webp","type":"","width":"","height":""}],"twitter_card":"summary_large_image","twitter_misc":{"Dur\u00e9e de lecture estim\u00e9e":"1 minute"},"schema":{"@context":"https:\/\/schema.org","@graph":[{"@type":"WebPage","@id":"https:\/\/takelakaroa.mg\/panier\/","url":"https:\/\/takelakaroa.mg\/panier\/","name":"Panier - TAKELAKA ROA","isPartOf":{"@id":"https:\/\/darkred-bat-908940.hostingersite.com\/#website"},"primaryImageOfPage":{"@id":"https:\/\/takelakaroa.mg\/panier\/#primaryimage"},"image":{"@id":"https:\/\/takelakaroa.mg\/panier\/#primaryimage"},"thumbnailUrl":"https:\/\/takelakaroa.mg\/wp-content\/uploads\/2026\/01\/Couverture-A-quoi-ca-sert-les-filles-Ankizivavy-ve-300x300.webp","datePublished":"2026-01-21T07:03:04+00:00","dateModified":"2026-03-11T05:02:54+00:00","breadcrumb":{"@id":"https:\/\/takelakaroa.mg\/panier\/#breadcrumb"},"inLanguage":"fr-FR","potentialAction":[{"@type":"ReadAction","target":["https:\/\/takelakaroa.mg\/panier\/"]}]},{"@type":"ImageObject","inLanguage":"fr-FR","@id":"https:\/\/takelakaroa.mg\/panier\/#primaryimage","url":"https:\/\/takelakaroa.mg\/wp-content\/uploads\/2026\/01\/Couverture-A-quoi-ca-sert-les-filles-Ankizivavy-ve-300x300.webp","contentUrl":"https:\/\/takelakaroa.mg\/wp-content\/uploads\/2026\/01\/Couverture-A-quoi-ca-sert-les-filles-Ankizivavy-ve-300x300.webp"},{"@type":"BreadcrumbList","@id":"https:\/\/takelakaroa.mg\/panier\/#breadcrumb","itemListElement":[{"@type":"ListItem","position":1,"name":"Accueil","item":"https:\/\/takelakaroa.mg\/"},{"@type":"ListItem","position":2,"name":"Panier"}]},{"@type":"WebSite","@id":"https:\/\/darkred-bat-908940.hostingersite.com\/#website","url":"https:\/\/darkred-bat-908940.hostingersite.com\/","name":"TAKELAKA ROA","description":"Plateforme num\u00e9rique de commercialisation et de valorisation de livre jeunesse bilingue","publisher":{"@id":"https:\/\/darkred-bat-908940.hostingersite.com\/#organization"},"potentialAction":[{"@type":"SearchAction","target":{"@type":"EntryPoint","urlTemplate":"https:\/\/darkred-bat-908940.hostingersite.com\/?s={search_term_string}"},"query-input":{"@type":"PropertyValueSpecification","valueRequired":true,"valueName":"search_term_string"}}],"inLanguage":"fr-FR"},{"@type":"Organization","@id":"https:\/\/darkred-bat-908940.hostingersite.com\/#organization","name":"TAKELAKA ROA","url":"https:\/\/darkred-bat-908940.hostingersite.com\/","logo":{"@type":"ImageObject","inLanguage":"fr-FR","@id":"https:\/\/darkred-bat-908940.hostingersite.com\/#\/schema\/logo\/image\/","url":"https:\/\/takelakaroa.mg\/wp-content\/uploads\/2026\/01\/cropped-Logo-TAKELAKA-ROA-VF-1.webp","contentUrl":"https:\/\/takelakaroa.mg\/wp-content\/uploads\/2026\/01\/cropped-Logo-TAKELAKA-ROA-VF-1.webp","width":913,"height":912,"caption":"TAKELAKA ROA"},"image":{"@id":"https:\/\/darkred-bat-908940.hostingersite.com\/#\/schema\/logo\/image\/"}}]}},"_links":{"self":[{"href":"https:\/\/takelakaroa.mg\/fr\/wp-json\/wp\/v2\/pages\/9","targetHints":{"allow":["GET"]}}],"collection":[{"href":"https:\/\/takelakaroa.mg\/fr\/wp-json\/wp\/v2\/pages"}],"about":[{"href":"https:\/\/takelakaroa.mg\/fr\/wp-json\/wp\/v2\/types\/page"}],"author":[{"embeddable":true,"href":"https:\/\/takelakaroa.mg\/fr\/wp-json\/wp\/v2\/users\/1"}],"replies":[{"embeddable":true,"href":"https:\/\/takelakaroa.mg\/fr\/wp-json\/wp\/v2\/comments?post=9"}],"version-history":[{"count":150,"href":"https:\/\/takelakaroa.mg\/fr\/wp-json\/wp\/v2\/pages\/9\/revisions"}],"predecessor-version":[{"id":3546,"href":"https:\/\/takelakaroa.mg\/fr\/wp-json\/wp\/v2\/pages\/9\/revisions\/3546"}],"wp:attachment":[{"href":"https:\/\/takelakaroa.mg\/fr\/wp-json\/wp\/v2\/media?parent=9"}],"curies":[{"name":"wp","href":"https:\/\/api.w.org\/{rel}","templated":true}]}}