{"id":523,"date":"2026-01-23T10:20:21","date_gmt":"2026-01-23T10:20:21","guid":{"rendered":"https:\/\/darkred-bat-908940.hostingersite.com\/?page_id=523"},"modified":"2026-03-09T07:41:34","modified_gmt":"2026-03-09T07:41:34","slug":"maison-edition","status":"publish","type":"page","link":"https:\/\/takelakaroa.mg\/fr\/maison-edition\/","title":{"rendered":"Maison d&rsquo;\u00e9dition"},"content":{"rendered":"\t\t<div data-elementor-type=\"wp-page\" data-elementor-id=\"523\" class=\"elementor elementor-523\" data-elementor-post-type=\"page\">\n\t\t\t\t<div class=\"elementor-element elementor-element-b33d426 section-m e-flex e-con-boxed e-con e-parent\" data-id=\"b33d426\" data-element_type=\"container\" data-e-type=\"container\">\n\t\t\t\t\t<div class=\"e-con-inner\">\n\t\t\t\t<div class=\"elementor-element elementor-element-585bfdb elementor-widget__width-inherit elementor-widget-mobile__width-inherit elementor-widget elementor-widget-heading\" data-id=\"585bfdb\" data-element_type=\"widget\" data-e-type=\"widget\" data-widget_type=\"heading.default\">\n\t\t\t\t<div class=\"elementor-widget-container\">\n\t\t\t\t\t<h1 class=\"elementor-heading-title elementor-size-default\">Maison d'\u00e9dition<\/h1>\t\t\t\t<\/div>\n\t\t\t\t<\/div>\n\t\t\t\t<div class=\"elementor-element elementor-element-772b7e2 elementor-align-center elementor-widget elementor-widget-breadcrumbs\" data-id=\"772b7e2\" data-element_type=\"widget\" data-e-type=\"widget\" data-widget_type=\"breadcrumbs.default\">\n\t\t\t\t<div class=\"elementor-widget-container\">\n\t\t\t\t\t<p id=\"breadcrumbs\"><span><span><a href=\"https:\/\/takelakaroa.mg\/\">Accueil<\/a><\/span><\/span><\/p>\t\t\t\t<\/div>\n\t\t\t\t<\/div>\n\t\t\t\t<div class=\"elementor-element elementor-element-bfdbe76 elementor-widget__width-initial elementor-widget-tablet_extra__width-inherit elementor-widget elementor-widget-jet-listing-grid\" data-id=\"bfdbe76\" data-element_type=\"widget\" data-e-type=\"widget\" data-settings=\"{&quot;columns&quot;:&quot;2&quot;,&quot;columns_tablet_extra&quot;:&quot;2&quot;,&quot;columns_tablet&quot;:&quot;2&quot;,&quot;columns_mobile&quot;:&quot;1&quot;}\" data-widget_type=\"jet-listing-grid.default\">\n\t\t\t\t<div class=\"elementor-widget-container\">\n\t\t\t\t\t<div class=\"jet-listing-notice\">Please select listing to show.<\/div>\t\t\t\t<\/div>\n\t\t\t\t<\/div>\n\t\t\t\t\t<\/div>\n\t\t\t\t<\/div>\n\t\t<div class=\"elementor-element elementor-element-e201327 section-m e-flex e-con-boxed e-con e-parent\" data-id=\"e201327\" data-element_type=\"container\" data-e-type=\"container\">\n\t\t\t\t\t<div class=\"e-con-inner\">\n\t\t<div class=\"elementor-element elementor-element-9315687 e-con-full e-flex e-con e-child\" data-id=\"9315687\" data-element_type=\"container\" data-e-type=\"container\" data-settings=\"{&quot;background_background&quot;:&quot;classic&quot;}\">\n\t\t<div class=\"elementor-element elementor-element-6cd2d69 e-con-full e-flex e-con e-child\" data-id=\"6cd2d69\" data-element_type=\"container\" data-e-type=\"container\">\n\t\t\t\t<div class=\"elementor-element elementor-element-9fc5f57 elementor-widget__width-initial elementor-widget-tablet_extra__width-inherit elementor-headline--style-highlight elementor-widget elementor-widget-animated-headline\" data-id=\"9fc5f57\" data-element_type=\"widget\" data-e-type=\"widget\" data-settings=\"{&quot;marker&quot;:&quot;double_underline&quot;,&quot;highlighted_text&quot;:&quot; maisons d\\u2019\\u00e9dition&quot;,&quot;headline_style&quot;:&quot;highlight&quot;,&quot;loop&quot;:&quot;yes&quot;,&quot;highlight_animation_duration&quot;:1200,&quot;highlight_iteration_delay&quot;:8000}\" data-widget_type=\"animated-headline.default\">\n\t\t\t\t<div class=\"elementor-widget-container\">\n\t\t\t\t\t\t\t<h3 class=\"elementor-headline\">\n\t\t\t\t\t<span class=\"elementor-headline-plain-text elementor-headline-text-wrapper\">D\u00e9couvrez les livres de nos <\/span>\n\t\t\t\t<span class=\"elementor-headline-dynamic-wrapper elementor-headline-text-wrapper\">\n\t\t\t\t\t<span class=\"elementor-headline-dynamic-text elementor-headline-text-active\"> maisons d\u2019\u00e9dition<\/span>\n\t\t\t\t<\/span>\n\t\t\t\t<\/h3>\n\t\t\t\t\t\t<\/div>\n\t\t\t\t<\/div>\n\t\t\t\t<div class=\"elementor-element elementor-element-607a192 elementor-widget elementor-widget-text-editor\" data-id=\"607a192\" data-element_type=\"widget\" data-e-type=\"widget\" data-widget_type=\"text-editor.default\">\n\t\t\t\t<div class=\"elementor-widget-container\">\n\t\t\t\t\t\t\t\t\t<p>Chaque maison d\u2019\u00e9dition apporte sa vision et ses histoires uniques.<br data-start=\"1856\" data-end=\"1859\" \/>Explorez leurs ouvrages et trouvez votre prochaine lecture.<\/p>\t\t\t\t\t\t\t\t<\/div>\n\t\t\t\t<\/div>\n\t\t\t\t<\/div>\n\t\t\t\t<div class=\"elementor-element elementor-element-ff019af elementor-mobile-align-center elementor-widget-tablet__width-inherit elementor-widget elementor-widget-button\" data-id=\"ff019af\" data-element_type=\"widget\" data-e-type=\"widget\" data-widget_type=\"button.default\">\n\t\t\t\t<div class=\"elementor-widget-container\">\n\t\t\t\t\t\t\t\t\t<div class=\"elementor-button-wrapper\">\n\t\t\t\t\t<a class=\"elementor-button elementor-button-link elementor-size-sm\" href=\"https:\/\/takelakaroa.mg\/fr\/catalogue\/\">\n\t\t\t\t\t\t<span class=\"elementor-button-content-wrapper\">\n\t\t\t\t\t\t\t\t\t<span class=\"elementor-button-text\">Parcourir les livres<\/span>\n\t\t\t\t\t<\/span>\n\t\t\t\t\t<\/a>\n\t\t\t\t<\/div>\n\t\t\t\t\t\t\t\t<\/div>\n\t\t\t\t<\/div>\n\t\t\t\t<div class=\"elementor-element elementor-element-087008b elementor-view-stacked elementor-absolute elementor-shape-circle elementor-widget elementor-widget-icon\" data-id=\"087008b\" data-element_type=\"widget\" data-e-type=\"widget\" data-settings=\"{&quot;_position&quot;:&quot;absolute&quot;}\" data-widget_type=\"icon.default\">\n\t\t\t\t<div class=\"elementor-widget-container\">\n\t\t\t\t\t\t\t<div class=\"elementor-icon-wrapper\">\n\t\t\t<div class=\"elementor-icon\">\n\t\t\t<svg aria-hidden=\"true\" class=\"e-font-icon-svg e-fas-swatchbook\" viewBox=\"0 0 512 512\" xmlns=\"http:\/\/www.w3.org\/2000\/svg\"><path d=\"M434.66,167.71h0L344.5,77.36a31.83,31.83,0,0,0-45-.07h0l-.07.07L224,152.88V424L434.66,212.9A32,32,0,0,0,434.66,167.71ZM480,320H373.09L186.68,506.51c-2.06,2.07-4.5,3.58-6.68,5.49H480a32,32,0,0,0,32-32V352A32,32,0,0,0,480,320ZM192,32A32,32,0,0,0,160,0H32A32,32,0,0,0,0,32V416a96,96,0,0,0,192,0ZM96,440a24,24,0,1,1,24-24A24,24,0,0,1,96,440Zm32-184H64V192h64Zm0-128H64V64h64Z\"><\/path><\/svg>\t\t\t<\/div>\n\t\t<\/div>\n\t\t\t\t\t\t<\/div>\n\t\t\t\t<\/div>\n\t\t\t\t<\/div>\n\t\t\t\t\t<\/div>\n\t\t\t\t<\/div>\n\t\t\t\t<\/div>\n\t\t","protected":false},"excerpt":{"rendered":"<p>Maison d&rsquo;\u00e9dition Editions Teny Facebook X-twitter Instagram Voir tous les livres Editions Karn\u00e9 Facebook Instagram Tiktok Voir tous les livres D\u00e9couvrez les livres de nos maisons d\u2019\u00e9dition Chaque maison d\u2019\u00e9dition apporte sa vision et ses histoires uniques.Explorez leurs ouvrages et trouvez votre prochaine lecture. Parcourir les livres<\/p>\n","protected":false},"author":1,"featured_media":0,"parent":0,"menu_order":0,"comment_status":"closed","ping_status":"closed","template":"","meta":{"footnotes":""},"class_list":["post-523","page","type-page","status-publish","hentry"],"yoast_head":"<!-- This site is optimized with the Yoast SEO plugin v27.1.1 - https:\/\/yoast.com\/product\/yoast-seo-wordpress\/ -->\n<title>Maison d&#039;\u00e9dition - TAKELAKA ROA<\/title>\n<meta name=\"robots\" content=\"index, follow, max-snippet:-1, max-image-preview:large, max-video-preview:-1\" \/>\n<link rel=\"canonical\" href=\"https:\/\/takelakaroa.mg\/fr\/maison-edition\/\" \/>\n<meta property=\"og:locale\" content=\"fr_FR\" \/>\n<meta property=\"og:type\" content=\"article\" \/>\n<meta property=\"og:title\" content=\"Maison d&#039;\u00e9dition - TAKELAKA ROA\" \/>\n<meta property=\"og:description\" content=\"Maison d&rsquo;\u00e9dition Editions Teny Facebook X-twitter Instagram Voir tous les livres Editions Karn\u00e9 Facebook Instagram Tiktok Voir tous les livres D\u00e9couvrez les livres de nos maisons d\u2019\u00e9dition Chaque maison d\u2019\u00e9dition apporte sa vision et ses histoires uniques.Explorez leurs ouvrages et trouvez votre prochaine lecture. Parcourir les livres\" \/>\n<meta property=\"og:url\" content=\"https:\/\/takelakaroa.mg\/fr\/maison-edition\/\" \/>\n<meta property=\"og:site_name\" content=\"TAKELAKA ROA\" \/>\n<meta property=\"article:modified_time\" content=\"2026-03-09T07:41:34+00:00\" \/>\n<meta property=\"og:image\" content=\"https:\/\/takelakaroa.mg\/wp-content\/uploads\/2026\/01\/Edition-Teny.jpg\" \/>\n<meta name=\"twitter:card\" content=\"summary_large_image\" \/>\n<meta name=\"twitter:label1\" content=\"Dur\u00e9e de lecture estim\u00e9e\" \/>\n\t<meta name=\"twitter:data1\" content=\"2 minutes\" \/>\n<script type=\"application\/ld+json\" class=\"yoast-schema-graph\">{\"@context\":\"https:\/\/schema.org\",\"@graph\":[{\"@type\":\"WebPage\",\"@id\":\"https:\/\/takelakaroa.mg\/maison-edition\/\",\"url\":\"https:\/\/takelakaroa.mg\/maison-edition\/\",\"name\":\"Maison d'\u00e9dition - TAKELAKA ROA\",\"isPartOf\":{\"@id\":\"https:\/\/darkred-bat-908940.hostingersite.com\/#website\"},\"primaryImageOfPage\":{\"@id\":\"https:\/\/takelakaroa.mg\/maison-edition\/#primaryimage\"},\"image\":{\"@id\":\"https:\/\/takelakaroa.mg\/maison-edition\/#primaryimage\"},\"thumbnailUrl\":\"https:\/\/takelakaroa.mg\/wp-content\/uploads\/2026\/01\/Edition-Teny.jpg\",\"datePublished\":\"2026-01-23T10:20:21+00:00\",\"dateModified\":\"2026-03-09T07:41:34+00:00\",\"breadcrumb\":{\"@id\":\"https:\/\/takelakaroa.mg\/maison-edition\/#breadcrumb\"},\"inLanguage\":\"fr-FR\",\"potentialAction\":[{\"@type\":\"ReadAction\",\"target\":[\"https:\/\/takelakaroa.mg\/maison-edition\/\"]}]},{\"@type\":\"ImageObject\",\"inLanguage\":\"fr-FR\",\"@id\":\"https:\/\/takelakaroa.mg\/maison-edition\/#primaryimage\",\"url\":\"https:\/\/takelakaroa.mg\/wp-content\/uploads\/2026\/01\/Edition-Teny.jpg\",\"contentUrl\":\"https:\/\/takelakaroa.mg\/wp-content\/uploads\/2026\/01\/Edition-Teny.jpg\"},{\"@type\":\"BreadcrumbList\",\"@id\":\"https:\/\/takelakaroa.mg\/maison-edition\/#breadcrumb\",\"itemListElement\":[{\"@type\":\"ListItem\",\"position\":1,\"name\":\"Accueil\",\"item\":\"https:\/\/takelakaroa.mg\/\"},{\"@type\":\"ListItem\",\"position\":2,\"name\":\"Maison d&rsquo;\u00e9dition\"}]},{\"@type\":\"WebSite\",\"@id\":\"https:\/\/darkred-bat-908940.hostingersite.com\/#website\",\"url\":\"https:\/\/darkred-bat-908940.hostingersite.com\/\",\"name\":\"TAKELAKA ROA\",\"description\":\"Plateforme num\u00e9rique de commercialisation et de valorisation de livre jeunesse bilingue\",\"publisher\":{\"@id\":\"https:\/\/darkred-bat-908940.hostingersite.com\/#organization\"},\"potentialAction\":[{\"@type\":\"SearchAction\",\"target\":{\"@type\":\"EntryPoint\",\"urlTemplate\":\"https:\/\/darkred-bat-908940.hostingersite.com\/?s={search_term_string}\"},\"query-input\":{\"@type\":\"PropertyValueSpecification\",\"valueRequired\":true,\"valueName\":\"search_term_string\"}}],\"inLanguage\":\"fr-FR\"},{\"@type\":\"Organization\",\"@id\":\"https:\/\/darkred-bat-908940.hostingersite.com\/#organization\",\"name\":\"TAKELAKA ROA\",\"url\":\"https:\/\/darkred-bat-908940.hostingersite.com\/\",\"logo\":{\"@type\":\"ImageObject\",\"inLanguage\":\"fr-FR\",\"@id\":\"https:\/\/darkred-bat-908940.hostingersite.com\/#\/schema\/logo\/image\/\",\"url\":\"https:\/\/takelakaroa.mg\/wp-content\/uploads\/2026\/01\/cropped-Logo-TAKELAKA-ROA-VF-1.webp\",\"contentUrl\":\"https:\/\/takelakaroa.mg\/wp-content\/uploads\/2026\/01\/cropped-Logo-TAKELAKA-ROA-VF-1.webp\",\"width\":913,\"height\":912,\"caption\":\"TAKELAKA ROA\"},\"image\":{\"@id\":\"https:\/\/darkred-bat-908940.hostingersite.com\/#\/schema\/logo\/image\/\"}}]}<\/script>\n<!-- \/ Yoast SEO plugin. -->","yoast_head_json":{"title":"Maison d'\u00e9dition - TAKELAKA ROA","robots":{"index":"index","follow":"follow","max-snippet":"max-snippet:-1","max-image-preview":"max-image-preview:large","max-video-preview":"max-video-preview:-1"},"canonical":"https:\/\/takelakaroa.mg\/fr\/maison-edition\/","og_locale":"fr_FR","og_type":"article","og_title":"Maison d'\u00e9dition - TAKELAKA ROA","og_description":"Maison d&rsquo;\u00e9dition Editions Teny Facebook X-twitter Instagram Voir tous les livres Editions Karn\u00e9 Facebook Instagram Tiktok Voir tous les livres D\u00e9couvrez les livres de nos maisons d\u2019\u00e9dition Chaque maison d\u2019\u00e9dition apporte sa vision et ses histoires uniques.Explorez leurs ouvrages et trouvez votre prochaine lecture. Parcourir les livres","og_url":"https:\/\/takelakaroa.mg\/fr\/maison-edition\/","og_site_name":"TAKELAKA ROA","article_modified_time":"2026-03-09T07:41:34+00:00","og_image":[{"url":"https:\/\/takelakaroa.mg\/wp-content\/uploads\/2026\/01\/Edition-Teny.jpg","type":"","width":"","height":""}],"twitter_card":"summary_large_image","twitter_misc":{"Dur\u00e9e de lecture estim\u00e9e":"2 minutes"},"schema":{"@context":"https:\/\/schema.org","@graph":[{"@type":"WebPage","@id":"https:\/\/takelakaroa.mg\/maison-edition\/","url":"https:\/\/takelakaroa.mg\/maison-edition\/","name":"Maison d'\u00e9dition - TAKELAKA ROA","isPartOf":{"@id":"https:\/\/darkred-bat-908940.hostingersite.com\/#website"},"primaryImageOfPage":{"@id":"https:\/\/takelakaroa.mg\/maison-edition\/#primaryimage"},"image":{"@id":"https:\/\/takelakaroa.mg\/maison-edition\/#primaryimage"},"thumbnailUrl":"https:\/\/takelakaroa.mg\/wp-content\/uploads\/2026\/01\/Edition-Teny.jpg","datePublished":"2026-01-23T10:20:21+00:00","dateModified":"2026-03-09T07:41:34+00:00","breadcrumb":{"@id":"https:\/\/takelakaroa.mg\/maison-edition\/#breadcrumb"},"inLanguage":"fr-FR","potentialAction":[{"@type":"ReadAction","target":["https:\/\/takelakaroa.mg\/maison-edition\/"]}]},{"@type":"ImageObject","inLanguage":"fr-FR","@id":"https:\/\/takelakaroa.mg\/maison-edition\/#primaryimage","url":"https:\/\/takelakaroa.mg\/wp-content\/uploads\/2026\/01\/Edition-Teny.jpg","contentUrl":"https:\/\/takelakaroa.mg\/wp-content\/uploads\/2026\/01\/Edition-Teny.jpg"},{"@type":"BreadcrumbList","@id":"https:\/\/takelakaroa.mg\/maison-edition\/#breadcrumb","itemListElement":[{"@type":"ListItem","position":1,"name":"Accueil","item":"https:\/\/takelakaroa.mg\/"},{"@type":"ListItem","position":2,"name":"Maison d&rsquo;\u00e9dition"}]},{"@type":"WebSite","@id":"https:\/\/darkred-bat-908940.hostingersite.com\/#website","url":"https:\/\/darkred-bat-908940.hostingersite.com\/","name":"TAKELAKA ROA","description":"Plateforme num\u00e9rique de commercialisation et de valorisation de livre jeunesse bilingue","publisher":{"@id":"https:\/\/darkred-bat-908940.hostingersite.com\/#organization"},"potentialAction":[{"@type":"SearchAction","target":{"@type":"EntryPoint","urlTemplate":"https:\/\/darkred-bat-908940.hostingersite.com\/?s={search_term_string}"},"query-input":{"@type":"PropertyValueSpecification","valueRequired":true,"valueName":"search_term_string"}}],"inLanguage":"fr-FR"},{"@type":"Organization","@id":"https:\/\/darkred-bat-908940.hostingersite.com\/#organization","name":"TAKELAKA ROA","url":"https:\/\/darkred-bat-908940.hostingersite.com\/","logo":{"@type":"ImageObject","inLanguage":"fr-FR","@id":"https:\/\/darkred-bat-908940.hostingersite.com\/#\/schema\/logo\/image\/","url":"https:\/\/takelakaroa.mg\/wp-content\/uploads\/2026\/01\/cropped-Logo-TAKELAKA-ROA-VF-1.webp","contentUrl":"https:\/\/takelakaroa.mg\/wp-content\/uploads\/2026\/01\/cropped-Logo-TAKELAKA-ROA-VF-1.webp","width":913,"height":912,"caption":"TAKELAKA ROA"},"image":{"@id":"https:\/\/darkred-bat-908940.hostingersite.com\/#\/schema\/logo\/image\/"}}]}},"_links":{"self":[{"href":"https:\/\/takelakaroa.mg\/fr\/wp-json\/wp\/v2\/pages\/523","targetHints":{"allow":["GET"]}}],"collection":[{"href":"https:\/\/takelakaroa.mg\/fr\/wp-json\/wp\/v2\/pages"}],"about":[{"href":"https:\/\/takelakaroa.mg\/fr\/wp-json\/wp\/v2\/types\/page"}],"author":[{"embeddable":true,"href":"https:\/\/takelakaroa.mg\/fr\/wp-json\/wp\/v2\/users\/1"}],"replies":[{"embeddable":true,"href":"https:\/\/takelakaroa.mg\/fr\/wp-json\/wp\/v2\/comments?post=523"}],"version-history":[{"count":36,"href":"https:\/\/takelakaroa.mg\/fr\/wp-json\/wp\/v2\/pages\/523\/revisions"}],"predecessor-version":[{"id":3210,"href":"https:\/\/takelakaroa.mg\/fr\/wp-json\/wp\/v2\/pages\/523\/revisions\/3210"}],"wp:attachment":[{"href":"https:\/\/takelakaroa.mg\/fr\/wp-json\/wp\/v2\/media?parent=523"}],"curies":[{"name":"wp","href":"https:\/\/api.w.org\/{rel}","templated":true}]}}